{"id":7839,"date":"2019-06-26T06:03:28","date_gmt":"2019-06-26T06:03:28","guid":{"rendered":"http:\/\/www.schuetzengilde-reutlingen.de\/?page_id=7839"},"modified":"2019-10-16T07:52:37","modified_gmt":"2019-10-16T07:52:37","slug":"datenschutzerklaerung","status":"publish","type":"page","link":"https:\/\/www.schuetzengilde-reutlingen.de\/?page_id=7839","title":{"rendered":"Datenschutzerkl\u00e4rung"},"content":{"rendered":"<p><span style=\"font-size: 12pt; font-family: arial, helvetica, sans-serif;\"><strong>Datenschutzerkl\u00e4rung<\/strong><\/span><\/p>\n<p><span style=\"font-size: 12pt; font-family: arial, helvetica, sans-serif;\">Der Schutz Ihrer Privatsph\u00e4re ist uns besonders wichtig. Daher informieren wir Sie an dieser Stelle, welche Daten bei der Nutzung dieser Internetseite zu welchem Zweck erhoben werden:<\/span><\/p>\n<p><span style=\"font-size: 12pt; font-family: arial, helvetica, sans-serif;\"><em>Nutzung und Weitergabe pers\u00f6nlicher Daten und Zweckbindung<\/em><\/span><br \/>\n<span style=\"font-size: 12pt; font-family: arial, helvetica, sans-serif;\">Alle im Rahmen der Sch\u00fctzengilde Reutlingen 1290 e.V. anfallenden personenbezogenen Daten werden entsprechend den jeweils geltenden Vorschriften zum Schutz personenbezogener Daten, nur zum Zwecke der Verwaltung und zur Wahrung berechtigter eigener Interessen im Hinblick auf das Sch\u00fctzenwesen sowie der Betreuung unserer Mitglieder und die bedarfsgerechte sportliche Angebotsgestaltung erhoben, verarbeitet und genutzt. In Verbindung mit Ihrem Zugriff werden Daten gespeichert, die m\u00f6glicherweise eine Identifizierung zulassen (z. B. IP-Adresse, Zeitpunkt des Aufrufs, Dauer des Besuchs auf der Internetseite, Browserkennung). Diese Daten werden nur in technisch notwendigem Umfang und ausschlie\u00dflich zu statistischen Zwecken sowie zur Optimierung des Internetangebotes erhoben. Es werden aber in keinem Fall personenbezogene Nutzerprofile durch uns erstellt. Sofern innerhalb unseres Internetangebotes die M\u00f6glichkeit zur Eingabe personenbezogener Daten besteht, so erfolgt die Preisgabe dieser Daten seitens des Nutzers auf ausdr\u00fccklich freiwilliger Basis. Selbstverst\u00e4ndlich werden Ihre Daten vertraulich behandelt und nicht an Dritte weitergegeben.<\/span><\/p>\n<p><span style=\"font-size: 12pt; font-family: arial, helvetica, sans-serif;\"><i>Cookies<br \/>\n<\/i>Auf unserer Seite werden tempor\u00e4re Cookies eingesetzt. Diese werden beim Schlie\u00dfen des Browsers automatisch gel\u00f6scht, d. h. die G\u00fcltigkeit der Cookies ist auf die Dauer Ihres Besuches auf unserer Internetseite beschr\u00e4nkt. Eine Verkn\u00fcpfung dieser mit personenbezogenen Daten seitens der Sch\u00fctzengilde Reutlingen 1290 e.V. findet nicht statt. Cookies sind Kennungen, die ein Webserver an Ihren Computer senden kann, um ihn f\u00fcr die Dauer des Besuches zu identifizieren. Sie k\u00f6nnen Ihren Browser so einstellen, dass er Sie \u00fcber die Platzierung von Cookies informiert. So wird der Gebrauch von Cookies f\u00fcr Sie transparent. Sie k\u00f6nnen die Installation der Cookies durch eine entsprechende Einstellung Ihrer Browser Software verhindern; wir weisen Sie jedoch darauf hin, dass Sie in diesem Fall gegebenenfalls nicht s\u00e4mtliche Funktionen dieser Website voll umf\u00e4nglich nutzen k\u00f6nnen.<\/span><\/p>\n<p><span style=\"font-size: 12pt; font-family: arial, helvetica, sans-serif;\"><em>Sicherheit<\/em><\/span><br \/>\n<span style=\"font-size: 12pt; font-family: arial, helvetica, sans-serif;\">Die Sch\u00fctzengilde Reutlingen 1290 e.V. sch\u00fctzt Ihre Daten durch technische und organisatorische Ma\u00dfnahmen vor unberechtigtem Zugriff, Verlust oder Zerst\u00f6rung.<\/span><br \/>\n<span style=\"font-size: 12pt; font-family: arial, helvetica, sans-serif;\">Unsere Sicherheitsma\u00dfnahmen werden entsprechend der technologischen Entwicklung fortlaufend verbessert.<\/span><\/p>\n<p><span style=\"font-size: 12pt; font-family: arial, helvetica, sans-serif;\"><em>Auskunftsrecht und \u00f6ffentliches Verfahrensverzeichnis<\/em><\/span><br \/>\n<span style=\"font-size: 12pt; font-family: arial, helvetica, sans-serif;\">Auf Anforderung teilen wir Ihnen schriftlich entsprechend dem geltenden Recht mit, ob und welche pers\u00f6nlichen Daten \u00fcber Sie bei uns gespeichert sind. In unserem \u00f6ffentlichen Verfahrensverzeichnis haben wir die Angaben nach \u00a7 4e BDSG zusammengefasst.<\/span><\/p>\n<p><span style=\"font-size: 12pt; font-family: arial, helvetica, sans-serif;\"><em>\u00c4nderungen dieser Datenschutzerkl\u00e4rung<\/em><\/span><br \/>\n<span style=\"font-size: 12pt; font-family: arial, helvetica, sans-serif;\">Aufgrund aktueller Gegebenheiten, wie z. B. einer ver\u00e4nderten Gesetzgebung, werden wir &nbsp;falls n\u00f6tig diese Datenschutzerkl\u00e4rung aktualisieren. G\u00fcltig ist die hier ver\u00f6ffentlichte Version.<\/span><\/p>\n<p><span style=\"font-size: 12pt; font-family: arial, helvetica, sans-serif;\"><em>Kontakt &nbsp;\/ &nbsp;Weitere Informationen<\/em><\/span><br \/>\n<span style=\"font-size: 12pt; font-family: arial, helvetica, sans-serif;\">Ihre Fragen und Anregungen zum Thema Datenschutz sind uns sehr willkommen und wichtig. Bitte richten Sie diese an die im Impressum aufgef\u00fchrten Kontakte.<\/span><\/p>\n","protected":false},"excerpt":{"rendered":"<p>Datenschutzerkl\u00e4rung Der Schutz Ihrer Privatsph\u00e4re ist uns besonders wichtig. Daher informieren wir Sie an dieser Stelle, welche Daten bei der Nutzung dieser Internetseite zu welchem Zweck erhoben werden: Nutzung und Weitergabe pers\u00f6nlicher Daten und Zweckbindung Alle im Rahmen der Sch\u00fctzengilde Reutlingen 1290 e.V. anfallenden personenbezogenen Daten werden entsprechend den jeweils geltenden Vorschriften zum Schutz personenbezogener &hellip; <\/p>\n<p class=\"link-more\"><a href=\"https:\/\/www.schuetzengilde-reutlingen.de\/?page_id=7839\" class=\"more-link\"><span class=\"screen-reader-text\">\u201eDatenschutzerkl\u00e4rung\u201c <\/span>weiterlesen<\/a><\/p>\n","protected":false},"author":1,"featured_media":0,"parent":0,"menu_order":9,"comment_status":"closed","ping_status":"closed","template":"","meta":{"ngg_post_thumbnail":0,"footnotes":""},"class_list":["post-7839","page","type-page","status-publish","hentry","entry"],"_links":{"self":[{"href":"https:\/\/www.schuetzengilde-reutlingen.de\/index.php?rest_route=\/wp\/v2\/pages\/7839","targetHints":{"allow":["GET"]}}],"collection":[{"href":"https:\/\/www.schuetzengilde-reutlingen.de\/index.php?rest_route=\/wp\/v2\/pages"}],"about":[{"href":"https:\/\/www.schuetzengilde-reutlingen.de\/index.php?rest_route=\/wp\/v2\/types\/page"}],"author":[{"embeddable":true,"href":"https:\/\/www.schuetzengilde-reutlingen.de\/index.php?rest_route=\/wp\/v2\/users\/1"}],"replies":[{"embeddable":true,"href":"https:\/\/www.schuetzengilde-reutlingen.de\/index.php?rest_route=%2Fwp%2Fv2%2Fcomments&post=7839"}],"version-history":[{"count":2,"href":"https:\/\/www.schuetzengilde-reutlingen.de\/index.php?rest_route=\/wp\/v2\/pages\/7839\/revisions"}],"predecessor-version":[{"id":8455,"href":"https:\/\/www.schuetzengilde-reutlingen.de\/index.php?rest_route=\/wp\/v2\/pages\/7839\/revisions\/8455"}],"wp:attachment":[{"href":"https:\/\/www.schuetzengilde-reutlingen.de\/index.php?rest_route=%2Fwp%2Fv2%2Fmedia&parent=7839"}],"curies":[{"name":"wp","href":"https:\/\/api.w.org\/{rel}","templated":true}]}}