{"id":7249,"date":"2017-08-21T13:58:14","date_gmt":"2017-08-21T13:58:14","guid":{"rendered":"http:\/\/www.schuetzengilde-reutlingen.de\/?page_id=7249"},"modified":"2021-10-25T06:46:28","modified_gmt":"2021-10-25T06:46:28","slug":"programm-lst","status":"publish","type":"page","link":"https:\/\/www.schuetzengilde-reutlingen.de\/?page_id=7249","title":{"rendered":"Programm LST"},"content":{"rendered":"<table style=\"width: 64.8222%;\">\n<tbody>\n<tr>\n<td style=\"width: 25.5814%;\"><img loading=\"lazy\" decoding=\"async\" class=\"alignleft wp-image-6783\" src=\"http:\/\/www.schuetzengilde-reutlingen.de\/wp-content\/uploads\/2017\/01\/2017-LST-Flyer-links_web.jpg\" alt=\"2017 LST Flyer links_web\" width=\"356\" height=\"751\" srcset=\"https:\/\/www.schuetzengilde-reutlingen.de\/wp-content\/uploads\/2017\/01\/2017-LST-Flyer-links_web.jpg 379w, https:\/\/www.schuetzengilde-reutlingen.de\/wp-content\/uploads\/2017\/01\/2017-LST-Flyer-links_web-142x300.jpg 142w, https:\/\/www.schuetzengilde-reutlingen.de\/wp-content\/uploads\/2017\/01\/2017-LST-Flyer-links_web-71x150.jpg 71w\" sizes=\"auto, (max-width: 356px) 100vw, 356px\" \/><\/td>\n<td style=\"width: 115.732%;\">\n<h2><span style=\"font-size: 28px;\">Einladung zum 60. ordentlichen Landessch\u00fctzentag&nbsp;<br \/>\n<strong>des W\u00fcrttembergischen Sch\u00fctzenverbandes 1850 e.V.<\/strong><\/span><\/h2>\n<p><strong>Samstag, 22. April 2017 in Reutlingen<\/strong><\/p>\n<p><strong>09.00 bis 10.45 Uhr<\/strong><\/p>\n<ul>\n<li>Landesk\u00f6nigschie\u00dfen auf der Schie\u00dfanlage des <a href=\"http:\/\/www.svg1878.de\/ie.htm\" target=\"_blank\" rel=\"noopener\">Sch\u00fctzenvereins G\u00f6nningen<\/a><\/li>\n<\/ul>\n<p><strong>11.00 Uhr<\/strong>&nbsp;&nbsp;<\/p>\n<ul>\n<li>Aufstellung der Fahnen zum Sch\u00fctzenumzug am Schw\u00f6rhof (Friedrich-List-Gymnasium)<\/li>\n<\/ul>\n<p><strong>11.30 Uhr &nbsp;<\/strong>&nbsp;<\/p>\n<ul>\n<li>Abmarsch Sch\u00fctzenumzug (hier:&nbsp;<a href=\"http:\/\/www.schuetzengilde-reutlingen.de\/?page_id=6760\">Wegbeschreibung \/ Parkm\u00f6glichkeiten<\/a>)<\/li>\n<\/ul>\n<p><strong>13.00 Uhr &nbsp;&nbsp;<\/strong><\/p>\n<ul>\n<li>Feierstunde in der <a href=\"http:\/\/www.stadthalle-reutlingen.de\/\" target=\"_blank\" rel=\"noopener\">Stadthalle Reutlingen<\/a><\/li>\n<li>Fahneneinmarsch und Banner\u00fcbergabe<\/li>\n<li>Begr\u00fc\u00dfung der G\u00e4ste<\/li>\n<li>Totenehrung<\/li>\n<li>Fahnenausmarsch<\/li>\n<li>Ansprache LOSM<\/li>\n<li>Gru\u00dfwort der Oberb\u00fcrgermeisterin<\/li>\n<li>Gespr\u00e4chsrunde<\/li>\n<li>Proklamation Landessch\u00fctzenk\u00f6nig<\/li>\n<li>Ehrungen verdienter Mitglieder<\/li>\n<li>Ende der Feierstunde mit Nationalhymne<\/li>\n<\/ul>\n<p><strong>15.00 Uhr<\/strong> &nbsp;&nbsp; Delegiertenversammlung<\/p>\n<p><strong>17.30 Uhr<\/strong> &nbsp;&nbsp; Voraussichtliches Ende<\/p>\n<p><strong>Flyer als PDF:<br \/>\n<a  data-e-Disable-Page-Transition=\"true\" class=\"download-link\" title=\"\" href=\"https:\/\/www.schuetzengilde-reutlingen.de?download=7566&amp;tmstv=1778830982\" rel=\"nofollow\" id=\"download-link-7566\" data-redirect=\"false\" >\n\tFlyer Landessch\u00fctzentag 2017 (PDF)\t(2099 Downloads\t)\n<\/a>\n<\/strong><\/td>\n<\/tr>\n<\/tbody>\n<\/table>\n<h2>&nbsp;<\/h2>\n","protected":false},"excerpt":{"rendered":"<p>Einladung zum 60. ordentlichen Landessch\u00fctzentag&nbsp; des W\u00fcrttembergischen Sch\u00fctzenverbandes 1850 e.V. Samstag, 22. April 2017 in Reutlingen 09.00 bis 10.45 Uhr Landesk\u00f6nigschie\u00dfen auf der Schie\u00dfanlage des Sch\u00fctzenvereins G\u00f6nningen 11.00 Uhr&nbsp;&nbsp; Aufstellung der Fahnen zum Sch\u00fctzenumzug am Schw\u00f6rhof (Friedrich-List-Gymnasium) 11.30 Uhr &nbsp;&nbsp; Abmarsch Sch\u00fctzenumzug (hier:&nbsp;Wegbeschreibung \/ Parkm\u00f6glichkeiten) 13.00 Uhr &nbsp;&nbsp; Feierstunde in der Stadthalle Reutlingen Fahneneinmarsch und &hellip; <\/p>\n<p class=\"link-more\"><a href=\"https:\/\/www.schuetzengilde-reutlingen.de\/?page_id=7249\" class=\"more-link\"><span class=\"screen-reader-text\">\u201eProgramm LST\u201c <\/span>weiterlesen<\/a><\/p>\n","protected":false},"author":1,"featured_media":0,"parent":6747,"menu_order":1,"comment_status":"closed","ping_status":"closed","template":"","meta":{"ngg_post_thumbnail":0,"footnotes":""},"class_list":["post-7249","page","type-page","status-publish","hentry","entry"],"_links":{"self":[{"href":"https:\/\/www.schuetzengilde-reutlingen.de\/index.php?rest_route=\/wp\/v2\/pages\/7249","targetHints":{"allow":["GET"]}}],"collection":[{"href":"https:\/\/www.schuetzengilde-reutlingen.de\/index.php?rest_route=\/wp\/v2\/pages"}],"about":[{"href":"https:\/\/www.schuetzengilde-reutlingen.de\/index.php?rest_route=\/wp\/v2\/types\/page"}],"author":[{"embeddable":true,"href":"https:\/\/www.schuetzengilde-reutlingen.de\/index.php?rest_route=\/wp\/v2\/users\/1"}],"replies":[{"embeddable":true,"href":"https:\/\/www.schuetzengilde-reutlingen.de\/index.php?rest_route=%2Fwp%2Fv2%2Fcomments&post=7249"}],"version-history":[{"count":5,"href":"https:\/\/www.schuetzengilde-reutlingen.de\/index.php?rest_route=\/wp\/v2\/pages\/7249\/revisions"}],"predecessor-version":[{"id":7252,"href":"https:\/\/www.schuetzengilde-reutlingen.de\/index.php?rest_route=\/wp\/v2\/pages\/7249\/revisions\/7252"}],"up":[{"embeddable":true,"href":"https:\/\/www.schuetzengilde-reutlingen.de\/index.php?rest_route=\/wp\/v2\/pages\/6747"}],"wp:attachment":[{"href":"https:\/\/www.schuetzengilde-reutlingen.de\/index.php?rest_route=%2Fwp%2Fv2%2Fmedia&parent=7249"}],"curies":[{"name":"wp","href":"https:\/\/api.w.org\/{rel}","templated":true}]}}