{"id":6760,"date":"2017-01-20T13:30:18","date_gmt":"2017-01-20T13:30:18","guid":{"rendered":"http:\/\/www.schuetzengilde-reutlingen.de\/?page_id=6760"},"modified":"2017-08-21T13:59:14","modified_gmt":"2017-08-21T13:59:14","slug":"schuetzenumzug-wegbeschreibung","status":"publish","type":"page","link":"https:\/\/www.schuetzengilde-reutlingen.de\/?page_id=6760","title":{"rendered":"Wegbeschreibung"},"content":{"rendered":"<p><strong>Marschweg durch die Reutlinger Innenstadt<\/strong><\/p>\n<p>vom Friedrich-List-Gymnasium (Schw\u00f6rhof) zur Stadthalle Reutlingen<\/p>\n<p><img loading=\"lazy\" decoding=\"async\" class=\"wp-image-6762 aligncenter\" src=\"http:\/\/www.schuetzengilde-reutlingen.de\/wp-content\/uploads\/2017\/01\/2017-LST-Parkm\u00f6glichkeiten_web.jpg\" alt=\"2017 Landessch\u00fctzentag - Wegbeschreibung \/ Parkm\u00f6glichkeiten\" width=\"750\" height=\"582\" srcset=\"https:\/\/www.schuetzengilde-reutlingen.de\/wp-content\/uploads\/2017\/01\/2017-LST-Parkm\u00f6glichkeiten_web.jpg 1000w, https:\/\/www.schuetzengilde-reutlingen.de\/wp-content\/uploads\/2017\/01\/2017-LST-Parkm\u00f6glichkeiten_web-300x233.jpg 300w, https:\/\/www.schuetzengilde-reutlingen.de\/wp-content\/uploads\/2017\/01\/2017-LST-Parkm\u00f6glichkeiten_web-768x596.jpg 768w, https:\/\/www.schuetzengilde-reutlingen.de\/wp-content\/uploads\/2017\/01\/2017-LST-Parkm\u00f6glichkeiten_web-150x116.jpg 150w, https:\/\/www.schuetzengilde-reutlingen.de\/wp-content\/uploads\/2017\/01\/2017-LST-Parkm\u00f6glichkeiten_web-400x310.jpg 400w\" sizes=\"auto, (max-width: 750px) 100vw, 750px\" \/><\/p>\n<p>Karte Parkm\u00f6glichkeiten: <a href=\"https:\/\/www.reutlingen.de\/anfahrt\" target=\"_blank\" rel=\"noopener\">https:\/\/www.reutlingen.de\/anfahrt<\/a><\/p>\n<p>Navigator f\u00fcr <span style=\"text-decoration: underline;\"><strong>Fu\u00dfg\u00e4nger<\/strong><\/span>:&nbsp;Friedrich-List-Gymnasium, Kanzleistra\u00dfe 28, 72764 Reutlingen&nbsp;(<strong>dort keine Parkm\u00f6glichkeit<\/strong>)<\/p>\n","protected":false},"excerpt":{"rendered":"<p>Marschweg durch die Reutlinger Innenstadt vom Friedrich-List-Gymnasium (Schw\u00f6rhof) zur Stadthalle Reutlingen Karte Parkm\u00f6glichkeiten: https:\/\/www.reutlingen.de\/anfahrt Navigator f\u00fcr Fu\u00dfg\u00e4nger:&nbsp;Friedrich-List-Gymnasium, Kanzleistra\u00dfe 28, 72764 Reutlingen&nbsp;(dort keine Parkm\u00f6glichkeit)<\/p>\n","protected":false},"author":1,"featured_media":0,"parent":6747,"menu_order":2,"comment_status":"closed","ping_status":"closed","template":"","meta":{"ngg_post_thumbnail":0,"footnotes":""},"class_list":["post-6760","page","type-page","status-publish","hentry","entry"],"_links":{"self":[{"href":"https:\/\/www.schuetzengilde-reutlingen.de\/index.php?rest_route=\/wp\/v2\/pages\/6760","targetHints":{"allow":["GET"]}}],"collection":[{"href":"https:\/\/www.schuetzengilde-reutlingen.de\/index.php?rest_route=\/wp\/v2\/pages"}],"about":[{"href":"https:\/\/www.schuetzengilde-reutlingen.de\/index.php?rest_route=\/wp\/v2\/types\/page"}],"author":[{"embeddable":true,"href":"https:\/\/www.schuetzengilde-reutlingen.de\/index.php?rest_route=\/wp\/v2\/users\/1"}],"replies":[{"embeddable":true,"href":"https:\/\/www.schuetzengilde-reutlingen.de\/index.php?rest_route=%2Fwp%2Fv2%2Fcomments&post=6760"}],"version-history":[{"count":11,"href":"https:\/\/www.schuetzengilde-reutlingen.de\/index.php?rest_route=\/wp\/v2\/pages\/6760\/revisions"}],"predecessor-version":[{"id":7251,"href":"https:\/\/www.schuetzengilde-reutlingen.de\/index.php?rest_route=\/wp\/v2\/pages\/6760\/revisions\/7251"}],"up":[{"embeddable":true,"href":"https:\/\/www.schuetzengilde-reutlingen.de\/index.php?rest_route=\/wp\/v2\/pages\/6747"}],"wp:attachment":[{"href":"https:\/\/www.schuetzengilde-reutlingen.de\/index.php?rest_route=%2Fwp%2Fv2%2Fmedia&parent=6760"}],"curies":[{"name":"wp","href":"https:\/\/api.w.org\/{rel}","templated":true}]}}