{"id":6747,"date":"2017-01-20T13:06:47","date_gmt":"2017-01-20T13:06:47","guid":{"rendered":"http:\/\/www.schuetzengilde-reutlingen.de\/?page_id=6747"},"modified":"2021-10-25T06:44:54","modified_gmt":"2021-10-25T06:44:54","slug":"lst-2017","status":"publish","type":"page","link":"https:\/\/www.schuetzengilde-reutlingen.de\/?page_id=6747","title":{"rendered":"Landessch\u00fctzentag 2017"},"content":{"rendered":"<p><span style=\"font-size: 10pt; font-family: arial, helvetica, sans-serif;\">Der 60. Landessch\u00fctzentag am 22.04.2017 ist vor\u00fcber. Auf dieser Seite werden Zeitungsberichte, Videos und Fotos aufgef\u00fchrt werden. (Stand 04.05., 12 Uhr). F\u00fcr Betrachtung auf angef\u00fchrten Links klicken:<\/span><\/p>\n<h3><span style=\"font-size: 10pt; font-family: arial, helvetica, sans-serif;\"><b>Videos:<\/b><\/span><\/h3>\n<div><span style=\"font-size: 10pt; font-family: arial, helvetica, sans-serif;\"><strong>B\u00f6llerschie\u00dfen an der Stadthalle, SGi Reutlingen:<\/strong><\/span><\/div>\n<div><span style=\"font-size: 10pt; font-family: arial, helvetica, sans-serif;\"><a href=\"https:\/\/youtu.be\/xYjPeFPHL8g\" target=\"_blank\" rel=\"noopener noreferrer\">https:\/\/youtu.be\/xYjPeFPHL8g<\/a><\/span><br \/>\n<span style=\"font-size: 10pt; font-family: arial, helvetica, sans-serif;\"><a href=\"https:\/\/de-de.facebook.com\/SchuetzengildeReutlingen\/videos\/1390707821020253\/\" target=\"_blank\" rel=\"noopener noreferrer\">https:\/\/de-de.facebook.com\/SchuetzengildeReutlingen\/videos\/1390707821020253\/<\/a><\/span><\/div>\n<div>&nbsp;<\/div>\n<div><span style=\"font-size: 10pt; font-family: arial, helvetica, sans-serif;\"><b>RTF1:<\/b><\/span><\/div>\n<div><span style=\"font-size: 10pt; font-family: arial, helvetica, sans-serif;\"><a href=\"https:\/\/www.youtube.com\/watch?v=B0OpwFZFbvg\" target=\"_blank\" rel=\"noopener noreferrer\">https:\/\/www.youtube.com\/watch?<wbr>v=B0OpwFZFbvg<\/a><\/span><\/div>\n<div>&nbsp;<\/div>\n<div><span style=\"font-size: 10pt; font-family: arial, helvetica, sans-serif;\"><b>Sch\u00fctzenumzug in der Stadt. Albert Lorenz, SGi Reutlingen:<\/b><\/span><\/div>\n<div><span style=\"font-size: 10pt; font-family: arial, helvetica, sans-serif;\"><a href=\"https:\/\/de-de.facebook.com\/SchuetzengildeReutlingen\/videos\/1385122794912089\/\" target=\"_blank\" rel=\"noopener noreferrer\">https:\/\/de-de.facebook.com\/<wbr>SchuetzengildeReutlingen\/<wbr>videos\/1385122794912089\/<\/a><\/span><\/div>\n<div>&nbsp;<\/div>\n<div><span style=\"font-size: 10pt; font-family: arial, helvetica, sans-serif;\"><b>Bericht des SWR 4 (nur Ton):<\/b><\/span><\/div>\n<div><span style=\"font-size: 10pt; font-family: arial, helvetica, sans-serif;\"><a href=\"https:\/\/de-de.facebook.com\/SchuetzengildeReutlingen\/videos\/1385032188254483\/\" target=\"_blank\" rel=\"noopener noreferrer\">https:\/\/de-de.facebook.com\/<wbr>SchuetzengildeReutlingen\/<wbr>videos\/1385032188254483\/<\/a><\/span><\/div>\n<div>&nbsp;<\/div>\n<h3><span style=\"font-size: 10pt; font-family: arial, helvetica, sans-serif;\"><b>Zeitung, Bilder, sonstige Berichte:<\/b><\/span><\/h3>\n<p><span style=\"font-size: 10pt; font-family: arial, helvetica, sans-serif;\"><strong>Bilder zum 60. Landessch\u00fctzentag \u2013 Webalbum, SGi Reutlingen, 27.04.2017<br \/>\n<\/strong><a href=\"https:\/\/goo.gl\/photos\/AynTUY6sEnK5SDVq6\" target=\"_blank\" rel=\"noopener noreferrer\">https:\/\/goo.gl\/photos\/AynTUY6sEnK5SDVq6<\/a><\/span><\/p>\n<p><span style=\"font-size: 10pt; font-family: arial, helvetica, sans-serif;\"><strong>W\u00fcrttembergischer Sch\u00fctzenverband, Bericht, Aktuelles. 25.04.2017:<\/strong><\/span><br \/>\n<span style=\"font-size: 10pt; font-family: arial, helvetica, sans-serif;\"><a href=\"http:\/\/www.wsv1850.de\/index.php\/infothek\/landesschuetzentag-2017\" target=\"_blank\" rel=\"noopener noreferrer\">http:\/\/www.wsv1850.de\/index.php\/infothek\/landesschuetzentag-2017<\/a><\/span><\/p>\n<p><span style=\"font-size: 10pt; font-family: arial, helvetica, sans-serif;\"><strong>W\u00fcrttembergischer Sch\u00fctzenverband, Bericht mit Fotos (PDF), 25.04.2017:<br \/>\n<\/strong><a href=\"http:\/\/www.schuetzengilde-reutlingen.de\/wp-content\/uploads\/downloads\/2017\/04\/2017-Bericht-Landesschuetzentag-in-RT-des-WSV.pdf\" target=\"_blank\" rel=\"noopener noreferrer\">http:\/\/www.wsv1850.de\/index.php\/component\/phocadownload\/category\/9-infothek?download=1919:ausgabe-09-kleiner<\/a><\/span><\/p>\n<div><span style=\"font-size: 10pt; font-family: arial, helvetica, sans-serif;\"><b>Reutlinger Generalanzeiger (GEA), 24.04.2017:<\/b><\/span><\/div>\n<div><span style=\"font-size: 10pt; font-family: arial, helvetica, sans-serif;\"><a href=\"http:\/\/gea.de\/region+reutlingen\/reutlingen\/marktbesucher+stehen+beim+landesschuetzentag+spalier.5303517.htm\" target=\"_blank\" rel=\"noopener noreferrer\">http:\/\/gea.de\/region+reutlingen\/reutlingen\/marktbesucher+stehen+beim+landesschuetzentag+spalier.5303517.htm<\/a><\/span><\/div>\n<div><span style=\"font-size: 10pt; font-family: arial, helvetica, sans-serif;\"><b>&nbsp;<\/b><\/span><\/div>\n<div>\n<div><span style=\"font-size: 10pt; font-family: arial, helvetica, sans-serif;\"><b>Reutlinger Generalanzeiger (GEA), PDF-Seite mit Bericht, 10 MB (<\/b>Mit freundlicher Genehmigung des Reutlinger General-Anzeigers<b>): 24.04.2017:<\/b><\/span><\/div>\n<\/div>\n<div><span style=\"font-size: 10pt; font-family: arial, helvetica, sans-serif;\"><a href=\"http:\/\/www.schuetzengilde-reutlingen.de\/wp-content\/uploads\/downloads\/2017\/05\/17-04-24-GEA-Landessch%C3%BCtzentag.pdf\" target=\"_blank\" rel=\"noopener noreferrer\">http:\/\/www.schuetzengilde-reutlingen.de<\/a><\/span><\/div>\n<div>&nbsp;<\/div>\n<div><span style=\"font-size: 10pt; font-family: arial, helvetica, sans-serif;\"><b>Reutlinger Nachrichten, 23.04.2017:<\/b><\/span><\/div>\n<div><span style=\"font-size: 10pt; font-family: arial, helvetica, sans-serif;\"><a href=\"http:\/\/www.swp.de\/reutlingen\/lokales\/reutlingen\/727-jahre-_gut-schuss_-14847706.html\" target=\"_blank\" rel=\"noopener noreferrer\">http:\/\/www.swp.de\/reutlingen\/lokales\/reutlingen\/727-jahre-_gut-schuss_-14847706.html<\/a><\/span><\/div>\n<div>&nbsp;<\/div>\n<div><span style=\"font-size: 10pt; font-family: arial, helvetica, sans-serif;\"><strong>S\u00fcdwest Presse, Metzingen, Fotoserie, 23.04.2017:&nbsp;<\/strong><\/span><\/div>\n<div><span style=\"font-size: 10pt; font-family: arial, helvetica, sans-serif;\"><a href=\"https:\/\/www.swp.de\/metzingen\/bilder\/landesschuetzentag-reutlingen-14846474.html\" target=\"_blank\" rel=\"noopener noreferrer\">https:\/\/www.swp.de\/metzingen\/bilder\/landesschuetzentag-reutlingen-14846474.html<\/a><\/span><\/div>\n<div>&nbsp;<\/div>\n<div><span style=\"font-size: 10pt; font-family: arial, helvetica, sans-serif;\"><b>Reutlinger Nachrichten, 22.04.2017:<\/b><\/span><\/div>\n<div><span style=\"font-size: 10pt; font-family: arial, helvetica, sans-serif;\"><a href=\"http:\/\/www.swp.de\/reutlingen\/lokales\/reutlingen\/_schuetzenglanzpunkt-fuer-die-stadt_-14839588.html\" target=\"_blank\" rel=\"noopener noreferrer\">http:\/\/www.swp.de\/reutlingen\/<wbr>lokales\/reutlingen\/_<wbr>schuetzenglanzpunkt-fuer-die-<wbr>stadt_-14839588.html<\/a><\/span><\/div>\n<div>&nbsp;<\/div>\n<div><span style=\"font-size: 10pt; font-family: arial, helvetica, sans-serif;\"><b>Reutlinger Generalanzeiger (GEA), Fotoserie, 22.04.2017:<\/b><\/span><\/div>\n<div><span style=\"font-size: 10pt; font-family: arial, helvetica, sans-serif;\"><a href=\"http:\/\/www.gea.de\/bilder\/bildergalerien\/landesschuetzentag+in+reutlingen.5302051.htm\" target=\"_blank\" rel=\"noopener noreferrer\">http:\/\/www.gea.de\/bilder\/<wbr>bildergalerien\/<wbr>landesschuetzentag+in+<wbr>reutlingen.5302051.htm<\/a><\/span><\/div>\n<div>&nbsp;<\/div>\n<div><span style=\"font-size: 10pt; font-family: arial, helvetica, sans-serif;\"><b>Reutlinger Generalanzeiger (GEA), 19.04.2017:<\/b><\/span><\/div>\n<div><span style=\"font-size: 10pt; font-family: arial, helvetica, sans-serif;\"><a href=\"http:\/\/gea.de\/region+reutlingen\/reutlingen\/schuetzengilde+reutlingen+hat+grosses+fest+fest+im+visier.5296231.htm\" target=\"_blank\" rel=\"noopener noreferrer\">http:\/\/gea.de\/region+reutlingen\/reutlingen\/schuetzengilde+reutlingen+hat+grosses+fest+fest+im+visier.5296231.htm<\/a><\/span><\/div>\n","protected":false},"excerpt":{"rendered":"<p>Der 60. Landessch\u00fctzentag am 22.04.2017 ist vor\u00fcber. Auf dieser Seite werden Zeitungsberichte, Videos und Fotos aufgef\u00fchrt werden. (Stand 04.05., 12 Uhr). F\u00fcr Betrachtung auf angef\u00fchrten Links klicken: Videos: B\u00f6llerschie\u00dfen an der Stadthalle, SGi Reutlingen: https:\/\/youtu.be\/xYjPeFPHL8g https:\/\/de-de.facebook.com\/SchuetzengildeReutlingen\/videos\/1390707821020253\/ &nbsp; RTF1: https:\/\/www.youtube.com\/watch?v=B0OpwFZFbvg &nbsp; Sch\u00fctzenumzug in der Stadt. Albert Lorenz, SGi Reutlingen: https:\/\/de-de.facebook.com\/SchuetzengildeReutlingen\/videos\/1385122794912089\/ &nbsp; Bericht des SWR 4 (nur &hellip; <\/p>\n<p class=\"link-more\"><a href=\"https:\/\/www.schuetzengilde-reutlingen.de\/?page_id=6747\" class=\"more-link\"><span class=\"screen-reader-text\">\u201eLandessch\u00fctzentag 2017\u201c <\/span>weiterlesen<\/a><\/p>\n","protected":false},"author":1,"featured_media":0,"parent":14,"menu_order":0,"comment_status":"closed","ping_status":"closed","template":"","meta":{"ngg_post_thumbnail":0,"footnotes":""},"class_list":["post-6747","page","type-page","status-publish","hentry","entry"],"_links":{"self":[{"href":"https:\/\/www.schuetzengilde-reutlingen.de\/index.php?rest_route=\/wp\/v2\/pages\/6747","targetHints":{"allow":["GET"]}}],"collection":[{"href":"https:\/\/www.schuetzengilde-reutlingen.de\/index.php?rest_route=\/wp\/v2\/pages"}],"about":[{"href":"https:\/\/www.schuetzengilde-reutlingen.de\/index.php?rest_route=\/wp\/v2\/types\/page"}],"author":[{"embeddable":true,"href":"https:\/\/www.schuetzengilde-reutlingen.de\/index.php?rest_route=\/wp\/v2\/users\/1"}],"replies":[{"embeddable":true,"href":"https:\/\/www.schuetzengilde-reutlingen.de\/index.php?rest_route=%2Fwp%2Fv2%2Fcomments&post=6747"}],"version-history":[{"count":26,"href":"https:\/\/www.schuetzengilde-reutlingen.de\/index.php?rest_route=\/wp\/v2\/pages\/6747\/revisions"}],"predecessor-version":[{"id":9120,"href":"https:\/\/www.schuetzengilde-reutlingen.de\/index.php?rest_route=\/wp\/v2\/pages\/6747\/revisions\/9120"}],"up":[{"embeddable":true,"href":"https:\/\/www.schuetzengilde-reutlingen.de\/index.php?rest_route=\/wp\/v2\/pages\/14"}],"wp:attachment":[{"href":"https:\/\/www.schuetzengilde-reutlingen.de\/index.php?rest_route=%2Fwp%2Fv2%2Fmedia&parent=6747"}],"curies":[{"name":"wp","href":"https:\/\/api.w.org\/{rel}","templated":true}]}}