{"id":53,"date":"2010-08-17T11:10:48","date_gmt":"2010-08-17T11:10:48","guid":{"rendered":"http:\/\/www.schuetzengilde-reutlingen.de\/?page_id=53"},"modified":"2019-10-22T09:48:04","modified_gmt":"2019-10-22T09:48:04","slug":"behindertenschiesen","status":"publish","type":"page","link":"https:\/\/www.schuetzengilde-reutlingen.de\/?page_id=53","title":{"rendered":"Schie\u00dfen mit Behinderungen"},"content":{"rendered":"<p><span style=\"font-size: 14px; font-family: arial, helvetica, sans-serif;\"><strong>Im Rollstuhl bzw. von Personen mit Behinderungen<\/strong>:<\/span><\/p>\n<p><span style=\"font-size: 14px; font-family: arial, helvetica, sans-serif;\"><a href=\"http:\/\/www.schuetzengilde-reutlingen.de\/wp-content\/uploads\/2010\/08\/rollstuhl-schiessen.jpg\" rel=\"lightbox[53]\"><img loading=\"lazy\" decoding=\"async\" class=\"alignleft size-thumbnail wp-image-519\" title=\"rollstuhl schiessen\" src=\"http:\/\/www.schuetzengilde-reutlingen.de\/wp-content\/uploads\/2010\/08\/rollstuhl-schiessen-150x150.jpg\" alt=\"\" width=\"150\" height=\"150\" srcset=\"https:\/\/www.schuetzengilde-reutlingen.de\/wp-content\/uploads\/2010\/08\/rollstuhl-schiessen-150x150.jpg 150w, https:\/\/www.schuetzengilde-reutlingen.de\/wp-content\/uploads\/2010\/08\/rollstuhl-schiessen.jpg 240w\" sizes=\"auto, (max-width: 150px) 100vw, 150px\" \/><\/a>Das Sportschie\u00dfen im Rollstuhl bzw. von Behinderten ist seit 1976 paralympische Sportart und erfordert von den Athleten ein hohes Ma\u00df an Konzentration, K\u00f6rperbeherrschung und Zeitgef\u00fchl. Die Sportler m\u00fcssen in der Lage sein, die Waffe selbst und sicher zu handhaben. Das Sportschie\u00dfen wird nach den Regeln des Internationalen Schie\u00dfsport-Verbandes (ISSF) ausge\u00fcbt.<\/span><\/p>\n<p><span style=\"font-size: 14px; font-family: arial, helvetica, sans-serif;\">Geschossen wird in zwei Klassen: Stehend und Rollstuhl. Es gibt zw\u00f6lf Schie\u00dfwettbewerbe, von denen sechs sowohl f\u00fcr Frauen als auch f\u00fcr M\u00e4nner offen sind. Zus\u00e4tzlich gibt es je drei Konkurrenzen f\u00fcr Frauen und M\u00e4nner. Geschossen wird mit Luftpistole, Luftgewehr, Sportgewehr und Sportpistole auf Distanzen von 10, 25 und 50 Metern.<\/span><\/p>\n<p><span style=\"font-size: 14px; font-family: arial, helvetica, sans-serif;\">Das Schie\u00dfen im Rollstuhl ist auch bei der Sch\u00fctzengilde Reutlingen m\u00f6glich.<\/span><\/p>\n<h2><span style=\"font-size: 14px; font-family: arial, helvetica, sans-serif;\">Klassifizierung und Regelwerk<\/span><\/h2>\n<p><span style=\"font-size: 14px; font-family: arial, helvetica, sans-serif;\">Das Sportschie\u00dfen ist f\u00fcr alle k\u00f6rperlich Behinderten offen. Das Klassifizierungssystem macht es m\u00f6glich, dass sich Athleten mit unterschiedlichen Behinderungen in einem gemeinsamen Wettkampf vergleichen. Getrennt werden diese lediglich in zwei Klassen:<\/span><\/p>\n<ul>\n<li><span style=\"font-size: 14px; font-family: arial, helvetica, sans-serif;\">SH 1: Wettkampfteilnehmer, die keinen Gewehrauflagest\u00e4nder ben\u00f6tigen<\/span><\/li>\n<\/ul>\n<ul>\n<li><span style=\"font-size: 14px; font-family: arial, helvetica, sans-serif;\">SH 2: Wettkampfteilnehmer, die einen Gewehrauflagest\u00e4nder ben\u00f6tigen<\/span><\/li>\n<\/ul>\n<p><span style=\"font-size: 14px; font-family: arial, helvetica, sans-serif;\">Insgesamt werden zw\u00f6lf Wettbewerbe im Sportschie\u00dfen ausgetragen. Sechs davon werden von beiden Geschlechtern gemischt ausge\u00fcbt, drei sind nur f\u00fcr M\u00e4nner und drei nur f\u00fcr Frauen. Stehende Wettbewerbe k\u00f6nnen von Rollstuhl-Athleten sitzend bestritten werden.<\/span><\/p>\n<ul>\n<li><span style=\"font-size: 14px; font-family: arial, helvetica, sans-serif;\">Luftgewehr stehend (SH 1 &#8211; M\u00e4nner), 60 Schuss, 10 Meter Distanz<\/span><\/li>\n<li><span style=\"font-size: 14px; font-family: arial, helvetica, sans-serif;\">Luftgewehr stehend (SH 1 &#8211; Frauen), 40 Schuss, 10 Meter Distanz<\/span><\/li>\n<li><span style=\"font-size: 14px; font-family: arial, helvetica, sans-serif;\">Luftgewehr liegend (SH 1 &#8211; gemischt), 60 Schuss, 10 Meter Distanz<\/span><\/li>\n<li><span style=\"font-size: 14px; font-family: arial, helvetica, sans-serif;\">English Match &#8211; Kleinkaliber-Liegendanschlag (SH 1 &#8211; gemischt), 60 Schuss, 50 Meter Distanz<\/span><\/li>\n<li><span style=\"font-size: 14px; font-family: arial, helvetica, sans-serif;\">Freigewehr &#8211; Kleinkaliber-Dreistellung (SH 1 &#8211; M\u00e4nner), 3 mal 40 Schuss liegend &#8211; stehend &#8211; kniend, 50 Meter Distanz<\/span><\/li>\n<li><span style=\"font-size: 14px; font-family: arial, helvetica, sans-serif;\">Sportgewehr &#8211; Kleinkaliber-Dreistellung (SH 1 &#8211; Frauen), 3 mal 20 Schuss liegend &#8211; stehend &#8211; kniend, 50 Meter Distanz<\/span><\/li>\n<li><span style=\"font-size: 14px; font-family: arial, helvetica, sans-serif;\">Luftgewehr stehend (SH 2 &#8211; gemischt), 60 Schuss, 10 Meter Distanz<\/span><\/li>\n<li><span style=\"font-size: 14px; font-family: arial, helvetica, sans-serif;\">Luftgewehr liegend (SH 2 &#8211; gemischt), 60 Schuss, 10 Meter Distanz<\/span><\/li>\n<li><span style=\"font-size: 14px; font-family: arial, helvetica, sans-serif;\">Luftpistole (SH 1 &#8211; M\u00e4nner), 60 Schuss, 10 Meter Distanz<\/span><\/li>\n<li><span style=\"font-size: 14px; font-family: arial, helvetica, sans-serif;\">Luftpistole (SH 1 &#8211; Frauen), 40 Schuss, 10 Meter Distanz<\/span><\/li>\n<li><span style=\"font-size: 14px; font-family: arial, helvetica, sans-serif;\">Freie Pistole (SH 1 &#8211; gemischt), 60 Schuss, 50 Meter Distanz<\/span><\/li>\n<li><span style=\"font-size: 14px; font-family: arial, helvetica, sans-serif;\">Sportpistole (SH 1 &#8211; gemischt), 60 Schuss, 25 Meter Distanz<\/span><\/li>\n<\/ul>\n<p><span style=\"font-size: 14px; font-family: arial, helvetica, sans-serif;\">Den beiden Startklassen werden durch funktionelle Tests weiter unterteilt. Je nach Behinderung der Wettk\u00e4mpfer sind verschiedene Sitzpositionen und R\u00fcckenlehnenh\u00f6hen bzw. Sitzneigungswinkel erlaubt:<\/span><\/p>\n<p><span style=\"font-size: 14px; font-family: arial, helvetica, sans-serif;\">SH1 A, SH2 A stehende oder sitzende Wettk\u00e4mpfer ohne R\u00fcckenlehnen<\/span><br \/>\n<span style=\"font-size: 14px; font-family: arial, helvetica, sans-serif;\">SH1 B, SH2 B sitzende Wettk\u00e4mpfer, gute Rumpffunktion<\/span><br \/>\n<span style=\"font-size: 14px; font-family: arial, helvetica, sans-serif;\">SH1 C, SH2 C sitzende Wettk\u00e4mpfer, schlechte Rumpffunktion<\/span><br \/>\n<span style=\"font-size: 14px; font-family: arial, helvetica, sans-serif;\">SH1 D, SH2 D sitzende Wettk\u00e4mpfer, fehlende Rumpffunktion<\/span><\/p>\n","protected":false},"excerpt":{"rendered":"<p>Im Rollstuhl bzw. von Personen mit Behinderungen: Das Sportschie\u00dfen im Rollstuhl bzw. von Behinderten ist seit 1976 paralympische Sportart und erfordert von den Athleten ein hohes Ma\u00df an Konzentration, K\u00f6rperbeherrschung und Zeitgef\u00fchl. Die Sportler m\u00fcssen in der Lage sein, die Waffe selbst und sicher zu handhaben. Das Sportschie\u00dfen wird nach den Regeln des Internationalen Schie\u00dfsport-Verbandes &hellip; <\/p>\n<p class=\"link-more\"><a href=\"https:\/\/www.schuetzengilde-reutlingen.de\/?page_id=53\" class=\"more-link\"><span class=\"screen-reader-text\">\u201eSchie\u00dfen mit Behinderungen\u201c <\/span>weiterlesen<\/a><\/p>\n","protected":false},"author":1,"featured_media":0,"parent":16,"menu_order":3,"comment_status":"closed","ping_status":"closed","template":"","meta":{"ngg_post_thumbnail":0,"footnotes":""},"class_list":["post-53","page","type-page","status-publish","hentry","entry"],"_links":{"self":[{"href":"https:\/\/www.schuetzengilde-reutlingen.de\/index.php?rest_route=\/wp\/v2\/pages\/53","targetHints":{"allow":["GET"]}}],"collection":[{"href":"https:\/\/www.schuetzengilde-reutlingen.de\/index.php?rest_route=\/wp\/v2\/pages"}],"about":[{"href":"https:\/\/www.schuetzengilde-reutlingen.de\/index.php?rest_route=\/wp\/v2\/types\/page"}],"author":[{"embeddable":true,"href":"https:\/\/www.schuetzengilde-reutlingen.de\/index.php?rest_route=\/wp\/v2\/users\/1"}],"replies":[{"embeddable":true,"href":"https:\/\/www.schuetzengilde-reutlingen.de\/index.php?rest_route=%2Fwp%2Fv2%2Fcomments&post=53"}],"version-history":[{"count":5,"href":"https:\/\/www.schuetzengilde-reutlingen.de\/index.php?rest_route=\/wp\/v2\/pages\/53\/revisions"}],"predecessor-version":[{"id":8484,"href":"https:\/\/www.schuetzengilde-reutlingen.de\/index.php?rest_route=\/wp\/v2\/pages\/53\/revisions\/8484"}],"up":[{"embeddable":true,"href":"https:\/\/www.schuetzengilde-reutlingen.de\/index.php?rest_route=\/wp\/v2\/pages\/16"}],"wp:attachment":[{"href":"https:\/\/www.schuetzengilde-reutlingen.de\/index.php?rest_route=%2Fwp%2Fv2%2Fmedia&parent=53"}],"curies":[{"name":"wp","href":"https:\/\/api.w.org\/{rel}","templated":true}]}}