{"id":51,"date":"2010-08-17T11:09:28","date_gmt":"2010-08-17T11:09:28","guid":{"rendered":"http:\/\/www.schuetzengilde-reutlingen.de\/?page_id=51"},"modified":"2019-10-22T09:48:28","modified_gmt":"2019-10-22T09:48:28","slug":"armbrustschiesen","status":"publish","type":"page","link":"https:\/\/www.schuetzengilde-reutlingen.de\/?page_id=51","title":{"rendered":"Armbrustschie\u00dfen"},"content":{"rendered":"<p><span style=\"font-size: 14px;\"><a href=\"http:\/\/www.schuetzengilde-reutlingen.de\/wp-content\/uploads\/2011\/10\/Armbrustschiessen.jpg\" rel=\"lightbox[51]\"><img loading=\"lazy\" decoding=\"async\" class=\"alignnone size-full wp-image-2047\" title=\"Armbrustschiessen\" src=\"http:\/\/www.schuetzengilde-reutlingen.de\/wp-content\/uploads\/2011\/10\/Armbrustschiessen.jpg\" alt=\"\" width=\"691\" height=\"322\" srcset=\"https:\/\/www.schuetzengilde-reutlingen.de\/wp-content\/uploads\/2011\/10\/Armbrustschiessen.jpg 691w, https:\/\/www.schuetzengilde-reutlingen.de\/wp-content\/uploads\/2011\/10\/Armbrustschiessen-300x139.jpg 300w, https:\/\/www.schuetzengilde-reutlingen.de\/wp-content\/uploads\/2011\/10\/Armbrustschiessen-150x69.jpg 150w, https:\/\/www.schuetzengilde-reutlingen.de\/wp-content\/uploads\/2011\/10\/Armbrustschiessen-400x186.jpg 400w\" sizes=\"auto, (max-width: 691px) 100vw, 691px\" \/><\/a><\/span><br \/>\n<span style=\"font-size: 14px; font-family: arial, helvetica, sans-serif;\">Armbrustschie\u00dfen erinnert die meisten wahrscheinlich eher an Wilhelm Tell als an eine moderne Sportart. Doch seit dem legend\u00e4ren Apfelschuss hat sich die Armbrust von ihrem Einsatz bei der Jagd und der Stadtverteidigung im Mittelalter zu einem wahren Hightech-Sportger\u00e4t entwickelt.<\/span><\/p>\n<p><span style=\"font-size: 14px; font-family: arial, helvetica, sans-serif;\">Zumeist ist der Querbogen auf einen Luftgewehrschaft aufgebaut. Gezielt wird \u00e4hnlich wie beim Gewehrschie\u00dfen durch ein Diopter und ein Ringkorn, wobei eine kleine Wasserwaage hilft, die Armbrust immer in der gleichen Lage zu halten. Ist der Bogen (zumeist aus Karbon gefertigt) gespannt, legt man einen Pfeil auf eine Schiene und mit dem Abdr\u00fccken l\u00f6st sich die Bogenspannung und l\u00e4sst den Pfeil (auch Bolzen genannt) ins Ziel fliegen. Hinter der Zielscheibe befindet sich ein Bleist\u00fcck, in dem der Pfeil stecken bleibt und dann vom Sch\u00fctzen f\u00fcr den n\u00e4chsten Schuss wieder herausgedreht wird.<\/span><\/p>\n<p><span style=\"font-size: 14px; font-family: arial, helvetica, sans-serif;\">Bei der Disziplin &#8222;Armbrust 10 Meter&#8220; wird auf normale Luftgewehrscheiben geschossen, die auf einem Halter mit einem <strong>Bleikern<\/strong> befestigt werden. Der Bleikern liegt genau hinter dem 10er-Ringspiegel der Schie\u00dfscheibe und nimmt nach dem Schuss den Bolzen auf. Der Kern ist auswechselbar und kann aus verbrauchter Luftgewehrmunition selbst hergestellt werden.<\/span><\/p>\n<p><span style=\"font-size: 14px; font-family: arial, helvetica, sans-serif;\"><a href=\"http:\/\/www.schuetzengilde-reutlingen.de\/wp-content\/uploads\/2010\/08\/armbrust_blei.jpg\" rel=\"lightbox[51]\"><img loading=\"lazy\" decoding=\"async\" class=\"size-full wp-image-192 alignnone\" title=\"armbrust_blei\" src=\"http:\/\/www.schuetzengilde-reutlingen.de\/wp-content\/uploads\/2010\/08\/armbrust_blei.jpg\" alt=\"\" width=\"350\" height=\"185\" srcset=\"https:\/\/www.schuetzengilde-reutlingen.de\/wp-content\/uploads\/2010\/08\/armbrust_blei.jpg 350w, https:\/\/www.schuetzengilde-reutlingen.de\/wp-content\/uploads\/2010\/08\/armbrust_blei-300x158.jpg 300w\" sizes=\"auto, (max-width: 350px) 100vw, 350px\" \/><\/a><\/span><\/p>\n<p><span style=\"font-size: 14px; font-family: arial, helvetica, sans-serif;\">Bei der Disziplin &#8222;Feldarmbrust&#8220; wird auf Scheiben wie beim Bogenschie\u00dfen gescho\u00dfen.<\/span><\/p>\n<p><span style=\"font-size: 14px; font-family: arial, helvetica, sans-serif;\">Die <strong>Sportarmbrust<\/strong> gibt es in drei Ausf\u00fchrungen. Einmal f\u00fcr die Wettk\u00e4mpfe auf die Distanz von 10 Metern. Hier wird ein Wettkampfprogramm von 40, bei den Herren \u00fcber 60 Schuss absolviert.<\/span><\/p>\n<p><span style=\"font-size: 14px; font-family: arial, helvetica, sans-serif;\"><a href=\"http:\/\/www.schuetzengilde-reutlingen.de\/wp-content\/uploads\/2010\/08\/tn_inauen_30m_light_match.jpg\" rel=\"lightbox[51]\"><img loading=\"lazy\" decoding=\"async\" class=\"size-full wp-image-196 alignleft\" title=\"tn_inauen_30m_light_match\" src=\"http:\/\/www.schuetzengilde-reutlingen.de\/wp-content\/uploads\/2010\/08\/tn_inauen_30m_light_match.jpg\" alt=\"\" width=\"320\" height=\"92\" srcset=\"https:\/\/www.schuetzengilde-reutlingen.de\/wp-content\/uploads\/2010\/08\/tn_inauen_30m_light_match.jpg 320w, https:\/\/www.schuetzengilde-reutlingen.de\/wp-content\/uploads\/2010\/08\/tn_inauen_30m_light_match-300x86.jpg 300w\" sizes=\"auto, (max-width: 320px) 100vw, 320px\" \/><\/a><\/span><\/p>\n<p><span style=\"font-size: 14px; font-family: arial, helvetica, sans-serif;\">Die Armbrust f\u00fcr die 30 Meter Wettk\u00e4mpfe hat einen st\u00e4rkeren Bogen. Geschossen werden hier jeweils 60 Schuss, davon 30 im stehenden Anschlag und 30 im Knien. M\u00e4nner und Frauen starten in einer Klasse. Das spannende an dieser Disziplin ist, dass die Wettk\u00e4mpfe fast immer im Freien ausgetragen werden und der mindestens 110 Gramm schwere und gut 10 cm lange Pfeil sehr windanf\u00e4llig ist, was vom Sch\u00fctzen einige \u00dcbung verlangt.<\/span><\/p>\n<p><span style=\"font-size: 14px; font-family: arial, helvetica, sans-serif;\">Eine eigene Disziplin ist die bis zu 10 kg schwere <strong>Feldarmbrust<\/strong>. Hiermit werden bei Wind und Wetter im Freien auf die Entfernungen 35m, 50m und 65m jeweils 30 Schuss abgegeben. Die meisten in dieser Disziplin eingesetzten Armbr\u00fcste sind &#8222;Marke Eigenbau&#8220; also ein Sportart f\u00fcr wahre T\u00fcftler.<\/span><\/p>\n","protected":false},"excerpt":{"rendered":"<p>Armbrustschie\u00dfen erinnert die meisten wahrscheinlich eher an Wilhelm Tell als an eine moderne Sportart. Doch seit dem legend\u00e4ren Apfelschuss hat sich die Armbrust von ihrem Einsatz bei der Jagd und der Stadtverteidigung im Mittelalter zu einem wahren Hightech-Sportger\u00e4t entwickelt. Zumeist ist der Querbogen auf einen Luftgewehrschaft aufgebaut. Gezielt wird \u00e4hnlich wie beim Gewehrschie\u00dfen durch ein &hellip; <\/p>\n<p class=\"link-more\"><a href=\"https:\/\/www.schuetzengilde-reutlingen.de\/?page_id=51\" class=\"more-link\"><span class=\"screen-reader-text\">\u201eArmbrustschie\u00dfen\u201c <\/span>weiterlesen<\/a><\/p>\n","protected":false},"author":1,"featured_media":0,"parent":16,"menu_order":4,"comment_status":"closed","ping_status":"closed","template":"","meta":{"ngg_post_thumbnail":0,"footnotes":""},"class_list":["post-51","page","type-page","status-publish","hentry","entry"],"_links":{"self":[{"href":"https:\/\/www.schuetzengilde-reutlingen.de\/index.php?rest_route=\/wp\/v2\/pages\/51","targetHints":{"allow":["GET"]}}],"collection":[{"href":"https:\/\/www.schuetzengilde-reutlingen.de\/index.php?rest_route=\/wp\/v2\/pages"}],"about":[{"href":"https:\/\/www.schuetzengilde-reutlingen.de\/index.php?rest_route=\/wp\/v2\/types\/page"}],"author":[{"embeddable":true,"href":"https:\/\/www.schuetzengilde-reutlingen.de\/index.php?rest_route=\/wp\/v2\/users\/1"}],"replies":[{"embeddable":true,"href":"https:\/\/www.schuetzengilde-reutlingen.de\/index.php?rest_route=%2Fwp%2Fv2%2Fcomments&post=51"}],"version-history":[{"count":6,"href":"https:\/\/www.schuetzengilde-reutlingen.de\/index.php?rest_route=\/wp\/v2\/pages\/51\/revisions"}],"predecessor-version":[{"id":8486,"href":"https:\/\/www.schuetzengilde-reutlingen.de\/index.php?rest_route=\/wp\/v2\/pages\/51\/revisions\/8486"}],"up":[{"embeddable":true,"href":"https:\/\/www.schuetzengilde-reutlingen.de\/index.php?rest_route=\/wp\/v2\/pages\/16"}],"wp:attachment":[{"href":"https:\/\/www.schuetzengilde-reutlingen.de\/index.php?rest_route=%2Fwp%2Fv2%2Fmedia&parent=51"}],"curies":[{"name":"wp","href":"https:\/\/api.w.org\/{rel}","templated":true}]}}