{"id":4390,"date":"2015-04-07T06:23:59","date_gmt":"2015-04-07T06:23:59","guid":{"rendered":"http:\/\/www.schuetzengilde-reutlingen.de\/?page_id=4390"},"modified":"2015-04-07T19:34:30","modified_gmt":"2015-04-07T19:34:30","slug":"preisschiessen-725-jahre","status":"publish","type":"page","link":"https:\/\/www.schuetzengilde-reutlingen.de\/?page_id=4390","title":{"rendered":"Preisschie\u00dfen &#8211; 725 Jahre"},"content":{"rendered":"<table style=\"height: 56px;\" width=\"700\">\n<tbody>\n<tr>\n<td>\n<h1>Programm des Preisschie\u00dfens<\/h1>\n<h4>725 Jahre Sch\u00fctzengilde Reutlingen<\/h4>\n<\/td>\n<td><a href=\"http:\/\/www.schuetzengilde-reutlingen.de\/wp-content\/uploads\/2015\/01\/725-Festscheibe_SGi_Reutlingen_klein.jpg\" rel=\"lightbox[4390]\"><img loading=\"lazy\" decoding=\"async\" class=\"alignnone wp-image-3922 size-thumbnail\" src=\"http:\/\/www.schuetzengilde-reutlingen.de\/wp-content\/uploads\/2015\/01\/725-Festscheibe_SGi_Reutlingen_klein-150x150.jpg\" alt=\"725 Jahre Sch\u00fctzengilde Reutlingen - Festscheibe\" width=\"150\" height=\"150\" srcset=\"https:\/\/www.schuetzengilde-reutlingen.de\/wp-content\/uploads\/2015\/01\/725-Festscheibe_SGi_Reutlingen_klein-150x150.jpg 150w, https:\/\/www.schuetzengilde-reutlingen.de\/wp-content\/uploads\/2015\/01\/725-Festscheibe_SGi_Reutlingen_klein-298x300.jpg 298w, https:\/\/www.schuetzengilde-reutlingen.de\/wp-content\/uploads\/2015\/01\/725-Festscheibe_SGi_Reutlingen_klein-400x403.jpg 400w, https:\/\/www.schuetzengilde-reutlingen.de\/wp-content\/uploads\/2015\/01\/725-Festscheibe_SGi_Reutlingen_klein.jpg 640w\" sizes=\"auto, (max-width: 150px) 100vw, 150px\" \/><\/a><\/td>\n<\/tr>\n<\/tbody>\n<\/table>\n<table style=\"height: 212px;\" width=\"668\">\n<tbody>\n<tr>\n<td><span style=\"text-decoration: underline;\"><strong><strong><strong>Teilnehmer:<\/p>\n<p><\/strong><\/strong><\/strong><\/span><\/td>\n<td>G\u00e4ste, Sch\u00fctzinnen\/Sch\u00fctzen und Mitglieder.\u00a0Teilnahmeberechtigt<strong>:<\/strong> Personen ab einem Alter von 14 Jahren.\u00a014-17 J\u00e4hrige nur in Begleitung eines Erziehungsberechtigten.<\/td>\n<\/tr>\n<tr>\n<td><strong><span style=\"text-decoration: underline;\">Schie\u00dftage:<\/span> <\/strong><\/td>\n<td>10.6, 13-14.6, 16. bis 20.06.2015.<\/td>\n<\/tr>\n<tr>\n<td><strong><strong><span style=\"text-decoration: underline;\">Uhrzeit:<\/span><\/strong><\/strong>&nbsp;<\/td>\n<td>Mi 10.6. (18-21 Uhr),<br \/>\nSa 13.6. (14-18 Uhr),<br \/>\nSo 14.6. (9-12 Uhr),<b><br \/>\n<\/b>Di-Do: 16.-18.6 (14-21 Uhr),<br \/>\nFr 19.6. (14-17 Uhr),<br \/>\nSa 20.6. (10-16 Uhr)<\/td>\n<\/tr>\n<tr>\n<td><strong><span style=\"text-decoration: underline;\">Ort:<\/span> <\/strong><\/td>\n<td>Sch\u00fctzenhaus der Sch\u00fctzengilde Reutlingen, Mark 2, 72762 Reutlingen<\/td>\n<\/tr>\n<tr>\n<td><strong><span style=\"text-decoration: underline;\">Waffenart:<\/span> <\/strong><\/td>\n<td>Gewehr, Kleinkaliber (.22 lfb) mit Dioptervisierung<\/td>\n<\/tr>\n<tr>\n<td><strong><strong><span style=\"text-decoration: underline;\">Anschlag:<\/span><\/strong><\/strong><\/td>\n<td>Beliebig (auch mit Auflage). Schie\u00dfbekleidung und Waffen nach Sportordnung zul\u00e4ssig.<\/td>\n<\/tr>\n<tr>\n<td><strong><span style=\"text-decoration: underline;\">St\u00e4nde:<\/span><\/strong><\/td>\n<td>7 St\u00e4nde mit Seilzuganlagen. Entfernung 50m.<\/td>\n<\/tr>\n<tr>\n<td><strong><span style=\"text-decoration: underline;\">Wertung:<\/span><\/strong><\/td>\n<td>Tiefschusswettbewerb: Es werden die beiden besten Tiefsch\u00fcsse aller Sch\u00fcsse jedes(r) Sch\u00fctzen\/-in gewertet: (Beispiel: bester Schuss 23 Teiler, zweitbester Schuss 100 Teiler. Wertung: 123 Teiler).<\/td>\n<\/tr>\n<tr>\n<td><strong><span style=\"text-decoration: underline;\">Auswertung:<\/span><\/strong><\/td>\n<td>Geschossen wird auf Papierscheiben. Auswertung mit elektronischer Ringlesemaschine\u00a0 (Teilerwertung).<\/td>\n<\/tr>\n<tr>\n<td><strong><span style=\"text-decoration: underline;\"><span style=\"text-decoration: underline;\">Einlage:<\/span> <\/span><\/strong><\/td>\n<td>\n<p class=\"Standard1\" style=\"text-indent: -62.95pt; line-height: normal; tab-stops: 63.0pt; margin: 3.0pt 0cm .0001pt 62.95pt;\">5 Schuss zu 7 \u20ac (inkl. Erinnerungsplakette 725 Jahre).<\/p>\n<\/td>\n<\/tr>\n<tr>\n<td><strong><span style=\"text-decoration: underline;\">Nachkauf:<\/span><\/strong><\/td>\n<td>5 Schuss zu 3 \u20ac (beschr\u00e4nkt auf max. 50 Schuss Nachkauf). Munition kann am Stand erworben werden. Kein Probeschie\u00dfen.<br \/>\nDie Erinnerungsplakette kann zu 5 \u20ac \/ St\u00fcck k\u00e4uflich erworben werden.<br \/>\nZur besseren Koordinierung und um Wartezeiten zu reduzieren, bitten wir um Voranmeldung und Reservierung der Schie\u00dfzeit unter:<br \/>\ninfo@schuetzengilde-reutlingen.de<\/td>\n<\/tr>\n<tr>\n<td><strong><strong><span style=\"text-decoration: underline;\">Preise:<\/span><\/strong><\/strong><\/td>\n<td>F\u00fcr die Pl\u00e4tze 1 bis 10 gibt es Preise:<strong><br \/>\nPlatz 1:\u00a0<\/strong>\u00a0<strong>1.400 \u20ac \u00a0<\/strong>Luftpistole Feinwerkbau P44<br \/>\n<strong>Platz 2:\u00a0<\/strong>\u00a0 \u00a0<strong>500 \u20ac \u00a0 <\/strong>Einkaufsgutschein f\u00fcr Juwelier Depperich Reutlingen<br \/>\n<strong>Platz 3:<\/strong>\u00a0 \u00a0\u00a0<strong>200 \u20ac<\/strong>\u00a0 \u00a0Geldpreis<br \/>\n<strong>Platz 4:<\/strong>\u00a0 \u00a0\u00a0<strong>150 \u20ac \u00a0\u00a0<\/strong>Geldpreis<br \/>\n<strong>Platz 5: \u00a0 \u00a0100 \u20ac \u00a0<\/strong>Essensgutschein im Sch\u00fctzenhaus Reutlingen<br \/>\n<strong>Platz 6: \u00a0 100 \u20ac \u00a0\u00a0<\/strong>Leatherman Messer<br \/>\n<strong>Platz 7:<\/strong>\u00a0 \u00a0\u00a0<strong>50 \u20ac<\/strong>\u00a0 \u00a0Essensgutschein im Sch\u00fctzenhaus Reutlingen<br \/>\n<strong>Platz 8: \u00a0 \u00a0 50 \u20ac \u00a0\u00a0<\/strong>Geldpreis<br \/>\n<strong>Platz 9: \u00a0 \u00a0 50 \u20ac \u00a0\u00a0<\/strong>Geldpreis<br \/>\n<strong>Platz 10: \u00a0 50 \u20ac \u00a0<\/strong>Geldpreis<\/td>\n<\/tr>\n<tr>\n<td><strong><span style=\"text-decoration: underline;\">Siegerehrung:<\/span><\/strong><\/td>\n<td>Die Siegerehrung findet am 20. Juni 2015 im Rahmen der Abendveranstaltung im Sch\u00fctzenhaus ab ca. 19 Uhr statt.<\/td>\n<\/tr>\n<\/tbody>\n<\/table>\n<p>&nbsp;<\/p>\n<p>&nbsp;<\/p>\n","protected":false},"excerpt":{"rendered":"<p>Programm des Preisschie\u00dfens 725 Jahre Sch\u00fctzengilde Reutlingen Teilnehmer: G\u00e4ste, Sch\u00fctzinnen\/Sch\u00fctzen und Mitglieder.\u00a0Teilnahmeberechtigt: Personen ab einem Alter von 14 Jahren.\u00a014-17 J\u00e4hrige nur in Begleitung eines Erziehungsberechtigten. Schie\u00dftage: 10.6, 13-14.6, 16. bis 20.06.2015. Uhrzeit:&nbsp; Mi 10.6. (18-21 Uhr), Sa 13.6. (14-18 Uhr), So 14.6. (9-12 Uhr), Di-Do: 16.-18.6 (14-21 Uhr), Fr 19.6. (14-17 Uhr), Sa 20.6. (10-16 &hellip; <\/p>\n<p class=\"link-more\"><a href=\"https:\/\/www.schuetzengilde-reutlingen.de\/?page_id=4390\" class=\"more-link\"><span class=\"screen-reader-text\">\u201ePreisschie\u00dfen &#8211; 725 Jahre\u201c <\/span>weiterlesen<\/a><\/p>\n","protected":false},"author":1,"featured_media":0,"parent":3916,"menu_order":0,"comment_status":"closed","ping_status":"open","template":"","meta":{"ngg_post_thumbnail":0,"footnotes":""},"class_list":["post-4390","page","type-page","status-publish","hentry","entry"],"_links":{"self":[{"href":"https:\/\/www.schuetzengilde-reutlingen.de\/index.php?rest_route=\/wp\/v2\/pages\/4390","targetHints":{"allow":["GET"]}}],"collection":[{"href":"https:\/\/www.schuetzengilde-reutlingen.de\/index.php?rest_route=\/wp\/v2\/pages"}],"about":[{"href":"https:\/\/www.schuetzengilde-reutlingen.de\/index.php?rest_route=\/wp\/v2\/types\/page"}],"author":[{"embeddable":true,"href":"https:\/\/www.schuetzengilde-reutlingen.de\/index.php?rest_route=\/wp\/v2\/users\/1"}],"replies":[{"embeddable":true,"href":"https:\/\/www.schuetzengilde-reutlingen.de\/index.php?rest_route=%2Fwp%2Fv2%2Fcomments&post=4390"}],"version-history":[{"count":22,"href":"https:\/\/www.schuetzengilde-reutlingen.de\/index.php?rest_route=\/wp\/v2\/pages\/4390\/revisions"}],"predecessor-version":[{"id":4405,"href":"https:\/\/www.schuetzengilde-reutlingen.de\/index.php?rest_route=\/wp\/v2\/pages\/4390\/revisions\/4405"}],"up":[{"embeddable":true,"href":"https:\/\/www.schuetzengilde-reutlingen.de\/index.php?rest_route=\/wp\/v2\/pages\/3916"}],"wp:attachment":[{"href":"https:\/\/www.schuetzengilde-reutlingen.de\/index.php?rest_route=%2Fwp%2Fv2%2Fmedia&parent=4390"}],"curies":[{"name":"wp","href":"https:\/\/api.w.org\/{rel}","templated":true}]}}