{"id":3916,"date":"2015-01-05T10:19:25","date_gmt":"2015-01-05T10:19:25","guid":{"rendered":"http:\/\/www.schuetzengilde-reutlingen.de\/?page_id=3916"},"modified":"2021-10-25T06:45:23","modified_gmt":"2021-10-25T06:45:23","slug":"725-jahre-sgi-rt","status":"publish","type":"page","link":"https:\/\/www.schuetzengilde-reutlingen.de\/?page_id=3916","title":{"rendered":"725 Jahre SGi Reutlingen"},"content":{"rendered":"<p><span style=\"font-size: 10pt; font-family: arial, helvetica, sans-serif;\">Im Jahr 2015 feierte die Sch\u00fctzengilde Reutlingen ihr 725-j\u00e4hriges Bestehen.<\/span><\/p>\n<p><span style=\"font-size: 10pt; font-family: arial, helvetica, sans-serif;\"><a href=\"http:\/\/www.schuetzengilde-reutlingen.de\/wp-content\/uploads\/2015\/01\/725-Festscheibe_SGi_Reutlingen_klein.jpg\" rel=\"lightbox[3916]\"><img loading=\"lazy\" decoding=\"async\" class=\"alignnone wp-image-3922 size-medium\" src=\"http:\/\/www.schuetzengilde-reutlingen.de\/wp-content\/uploads\/2015\/01\/725-Festscheibe_SGi_Reutlingen_klein-298x300.jpg\" alt=\"725 Jahre Sch\u00fctzengilde Reutlingen - Festscheibe\" width=\"298\" height=\"300\" srcset=\"https:\/\/www.schuetzengilde-reutlingen.de\/wp-content\/uploads\/2015\/01\/725-Festscheibe_SGi_Reutlingen_klein-298x300.jpg 298w, https:\/\/www.schuetzengilde-reutlingen.de\/wp-content\/uploads\/2015\/01\/725-Festscheibe_SGi_Reutlingen_klein-150x150.jpg 150w, https:\/\/www.schuetzengilde-reutlingen.de\/wp-content\/uploads\/2015\/01\/725-Festscheibe_SGi_Reutlingen_klein-400x403.jpg 400w, https:\/\/www.schuetzengilde-reutlingen.de\/wp-content\/uploads\/2015\/01\/725-Festscheibe_SGi_Reutlingen_klein.jpg 640w\" sizes=\"auto, (max-width: 298px) 100vw, 298px\" \/><\/a><\/span><\/p>\n<p><span style=\"font-size: 10pt; font-family: arial, helvetica, sans-serif;\">Hierzu fanden vom <strong>19. &#8211; 21. Juni 2015 <\/strong>Feierlichkeiten statt.<\/span><\/p>\n<p><span style=\"font-size: 10pt; font-family: arial, helvetica, sans-serif;\"><strong><span style=\"text-decoration: underline;\"><a title=\"Preisschie\u00dfen \u2013 725 Jahre\" href=\"http:\/\/www.schuetzengilde-reutlingen.de\/?page_id=4390\">Preisschie\u00dfen<\/a><\/span>&nbsp;<\/strong>f\u00fcr Mitglieder und G\u00e4ste (vom 10.6-20.6.2015)<\/span><br \/>\n<span style=\"font-size: 10pt; font-family: arial, helvetica, sans-serif;\">(<span style=\"text-decoration: underline;\"><a  data-e-Disable-Page-Transition=\"true\" class=\"download-link\" title=\"\" href=\"https:\/\/www.schuetzengilde-reutlingen.de?download=7520&amp;tmstv=1778319421\" rel=\"nofollow\" id=\"download-link-7520\" data-redirect=\"false\" >\n\tProgramm Preisschie\u00dfen - 725 Jahre (als DIN A4 - PDF-Datei)\t(1935 Downloads\t)\n<\/a>\n<\/span>)<\/span><\/p>\n<p><span style=\"font-size: 10pt; font-family: arial, helvetica, sans-serif;\"><span style=\"text-decoration: underline;\"><strong><a href=\"http:\/\/www.schuetzengilde-reutlingen.de\/?p=4965\">Bilder<\/a><\/strong><\/span> der 725-Jahrfeier.<\/span><\/p>\n<p><span style=\"text-decoration: underline; font-size: 10pt; font-family: arial, helvetica, sans-serif;\"><strong><a href=\"http:\/\/www.schuetzengilde-reutlingen.de\/wp-content\/uploads\/2015\/06\/Endergebnis-Preisschiessen.pdf\">Ergebnisse vom Preisschie\u00dfen (PDF):<\/a><\/strong><\/span><\/p>\n<p><span style=\"text-decoration: underline; font-size: 10pt; font-family: arial, helvetica, sans-serif;\"><strong><a href=\"http:\/\/www.schuetzengilde-reutlingen.de\/?p=4501\">Bericht zur 725-Jahrfeier.<\/a><\/strong><\/span><\/p>\n<p><span style=\"font-size: 10pt; font-family: arial, helvetica, sans-serif;\"><strong>Das Programm:<\/strong><\/span><\/p>\n<p><span style=\"font-size: 10pt; font-family: arial, helvetica, sans-serif;\"><strong>Freitag, den 19.06.2015: ab 18:00 Uhr<\/strong><\/span><br \/>\n<span style=\"font-size: 10pt; font-family: arial, helvetica, sans-serif;\">Empfang und Begr\u00fc\u00dfung der ausw\u00e4rtigen Sch\u00fctzenfreunde im Sch\u00fctzenhaus.<\/span><\/p>\n<p><span style=\"font-size: 10pt; font-family: arial, helvetica, sans-serif;\"><strong>Samstag, den 20.06.2015: ab 10:00 Uhr <\/strong><\/span><br \/>\n<span style=\"font-size: 10pt; font-family: arial, helvetica, sans-serif;\">Offizielle Veranstaltung im Sch\u00fctzenhaus<\/span><\/p>\n<ul>\n<li><span style=\"font-size: 10pt; font-family: arial, helvetica, sans-serif;\">Siegerehrung des&nbsp;<span style=\"text-decoration: underline;\"><a title=\"Preisschie\u00dfen \u2013 725 Jahre\" href=\"http:\/\/www.schuetzengilde-reutlingen.de\/?page_id=4390\">Preisschie\u00dfen<\/a>s<\/span> (ab ca. 19 Uhr)<\/span><\/li>\n<li><span style=\"font-size: 10pt; font-family: arial, helvetica, sans-serif;\">Unterhaltung durch Musik<\/span><\/li>\n<li><span style=\"font-size: 10pt; font-family: arial, helvetica, sans-serif;\">Gemeinsames Beisammensein im Gildesaal, Biergarten, je nach Wetterlage<\/span><\/li>\n<\/ul>\n<p><span style=\"font-size: 10pt; font-family: arial, helvetica, sans-serif;\"><strong>Sonntag, den 21.06.2015: ab 10:30 Uhr<\/strong><\/span><br \/>\n<span style=\"font-size: 10pt; font-family: arial, helvetica, sans-serif;\">Offizieller Empfang f\u00fcr geladene G\u00e4ste im Sch\u00fctzenhaus<\/span><\/p>\n<ul>\n<li><span style=\"font-size: 10pt; font-family: arial, helvetica, sans-serif;\">Gru\u00dfworte<\/span><\/li>\n<li><span style=\"font-size: 10pt; font-family: arial, helvetica, sans-serif;\">Schie\u00dfen auf die Festscheibe<\/span><\/li>\n<li><span style=\"font-size: 10pt; font-family: arial, helvetica, sans-serif;\">Ehrungen<\/span><\/li>\n<\/ul>\n","protected":false},"excerpt":{"rendered":"<p>Im Jahr 2015 feierte die Sch\u00fctzengilde Reutlingen ihr 725-j\u00e4hriges Bestehen. Hierzu fanden vom 19. &#8211; 21. Juni 2015 Feierlichkeiten statt. Preisschie\u00dfen&nbsp;f\u00fcr Mitglieder und G\u00e4ste (vom 10.6-20.6.2015) () Bilder der 725-Jahrfeier. Ergebnisse vom Preisschie\u00dfen (PDF): Bericht zur 725-Jahrfeier. Das Programm: Freitag, den 19.06.2015: ab 18:00 Uhr Empfang und Begr\u00fc\u00dfung der ausw\u00e4rtigen Sch\u00fctzenfreunde im Sch\u00fctzenhaus. Samstag, den &hellip; <\/p>\n<p class=\"link-more\"><a href=\"https:\/\/www.schuetzengilde-reutlingen.de\/?page_id=3916\" class=\"more-link\"><span class=\"screen-reader-text\">\u201e725 Jahre SGi Reutlingen\u201c <\/span>weiterlesen<\/a><\/p>\n","protected":false},"author":1,"featured_media":0,"parent":14,"menu_order":0,"comment_status":"closed","ping_status":"open","template":"","meta":{"ngg_post_thumbnail":0,"footnotes":""},"class_list":["post-3916","page","type-page","status-publish","hentry","entry"],"_links":{"self":[{"href":"https:\/\/www.schuetzengilde-reutlingen.de\/index.php?rest_route=\/wp\/v2\/pages\/3916","targetHints":{"allow":["GET"]}}],"collection":[{"href":"https:\/\/www.schuetzengilde-reutlingen.de\/index.php?rest_route=\/wp\/v2\/pages"}],"about":[{"href":"https:\/\/www.schuetzengilde-reutlingen.de\/index.php?rest_route=\/wp\/v2\/types\/page"}],"author":[{"embeddable":true,"href":"https:\/\/www.schuetzengilde-reutlingen.de\/index.php?rest_route=\/wp\/v2\/users\/1"}],"replies":[{"embeddable":true,"href":"https:\/\/www.schuetzengilde-reutlingen.de\/index.php?rest_route=%2Fwp%2Fv2%2Fcomments&post=3916"}],"version-history":[{"count":27,"href":"https:\/\/www.schuetzengilde-reutlingen.de\/index.php?rest_route=\/wp\/v2\/pages\/3916\/revisions"}],"predecessor-version":[{"id":9363,"href":"https:\/\/www.schuetzengilde-reutlingen.de\/index.php?rest_route=\/wp\/v2\/pages\/3916\/revisions\/9363"}],"up":[{"embeddable":true,"href":"https:\/\/www.schuetzengilde-reutlingen.de\/index.php?rest_route=\/wp\/v2\/pages\/14"}],"wp:attachment":[{"href":"https:\/\/www.schuetzengilde-reutlingen.de\/index.php?rest_route=%2Fwp%2Fv2%2Fmedia&parent=3916"}],"curies":[{"name":"wp","href":"https:\/\/api.w.org\/{rel}","templated":true}]}}