{"id":315,"date":"2010-08-25T09:09:35","date_gmt":"2010-08-25T09:09:35","guid":{"rendered":"http:\/\/www.schuetzengilde-reutlingen.de\/?page_id=315"},"modified":"2010-08-25T14:17:05","modified_gmt":"2010-08-25T14:17:05","slug":"gruppenbild-der-schutzengilde-reutlingen","status":"publish","type":"page","link":"https:\/\/www.schuetzengilde-reutlingen.de\/?page_id=315","title":{"rendered":"Gruppenbild"},"content":{"rendered":"<p><a href=\"http:\/\/www.schuetzengilde-reutlingen.de\/wp-content\/uploads\/2010\/08\/Gruppenbild-SGiRT-klein.jpg\" rel=\"lightbox[315]\"><img loading=\"lazy\" decoding=\"async\" class=\"alignnone size-medium wp-image-320\" title=\"Gruppenbild Sch\u00fctzengilde Reutlingen\" src=\"http:\/\/www.schuetzengilde-reutlingen.de\/wp-content\/uploads\/2010\/08\/Gruppenbild-SGiRT-klein-300x149.jpg\" alt=\"\" width=\"300\" height=\"149\" srcset=\"https:\/\/www.schuetzengilde-reutlingen.de\/wp-content\/uploads\/2010\/08\/Gruppenbild-SGiRT-klein-300x149.jpg 300w, https:\/\/www.schuetzengilde-reutlingen.de\/wp-content\/uploads\/2010\/08\/Gruppenbild-SGiRT-klein.jpg 1000w\" sizes=\"auto, (max-width: 300px) 100vw, 300px\" \/><\/a><\/p>\n<p>mit Freunden aus \u00dclzen anl. des Sommerschie\u00dfens 2009<br \/>\n <span style=\"font-size: small;\"><strong>(f\u00fcr gr\u00f6\u00dfere Darstellung auf Bild klicken)<\/strong><\/span><\/p>\n","protected":false},"excerpt":{"rendered":"<p>mit Freunden aus \u00dclzen anl. des Sommerschie\u00dfens 2009 (f\u00fcr gr\u00f6\u00dfere Darstellung auf Bild klicken)<\/p>\n","protected":false},"author":1,"featured_media":0,"parent":14,"menu_order":3,"comment_status":"closed","ping_status":"closed","template":"","meta":{"ngg_post_thumbnail":0,"footnotes":""},"class_list":["post-315","page","type-page","status-publish","hentry","entry"],"_links":{"self":[{"href":"https:\/\/www.schuetzengilde-reutlingen.de\/index.php?rest_route=\/wp\/v2\/pages\/315","targetHints":{"allow":["GET"]}}],"collection":[{"href":"https:\/\/www.schuetzengilde-reutlingen.de\/index.php?rest_route=\/wp\/v2\/pages"}],"about":[{"href":"https:\/\/www.schuetzengilde-reutlingen.de\/index.php?rest_route=\/wp\/v2\/types\/page"}],"author":[{"embeddable":true,"href":"https:\/\/www.schuetzengilde-reutlingen.de\/index.php?rest_route=\/wp\/v2\/users\/1"}],"replies":[{"embeddable":true,"href":"https:\/\/www.schuetzengilde-reutlingen.de\/index.php?rest_route=%2Fwp%2Fv2%2Fcomments&post=315"}],"version-history":[{"count":5,"href":"https:\/\/www.schuetzengilde-reutlingen.de\/index.php?rest_route=\/wp\/v2\/pages\/315\/revisions"}],"predecessor-version":[{"id":395,"href":"https:\/\/www.schuetzengilde-reutlingen.de\/index.php?rest_route=\/wp\/v2\/pages\/315\/revisions\/395"}],"up":[{"embeddable":true,"href":"https:\/\/www.schuetzengilde-reutlingen.de\/index.php?rest_route=\/wp\/v2\/pages\/14"}],"wp:attachment":[{"href":"https:\/\/www.schuetzengilde-reutlingen.de\/index.php?rest_route=%2Fwp%2Fv2%2Fmedia&parent=315"}],"curies":[{"name":"wp","href":"https:\/\/api.w.org\/{rel}","templated":true}]}}