{"id":31,"date":"2010-08-16T20:33:10","date_gmt":"2010-08-16T20:33:10","guid":{"rendered":"http:\/\/localhost\/wordpress\/?page_id=31"},"modified":"2020-12-06T18:58:37","modified_gmt":"2020-12-06T18:58:37","slug":"impressum","status":"publish","type":"page","link":"https:\/\/www.schuetzengilde-reutlingen.de\/?page_id=31","title":{"rendered":"Impressum"},"content":{"rendered":"<p><span style=\"font-size: 10pt; font-family: arial, helvetica, sans-serif;\"><strong>Anschrift:<\/strong><br \/>\nSch\u00fctzengilde Reutlingen 1290 e.V.<br \/>\nMark 2<br \/>\n72762 Reutlingen<br \/>\nTel: 07121 \/ 21862<br \/>\n<\/span><\/p>\n<p><span style=\"font-size: 10pt; font-family: arial, helvetica, sans-serif;\"><strong>Vorstand:<\/strong><br \/>\n<a href=\"http:\/\/www.schuetzengilde-reutlingen.de\/wp-content\/uploads\/2019\/06\/2015_OSM_Wolfram_Mewes.jpg\" rel=\"lightbox[31]\"><img loading=\"lazy\" decoding=\"async\" class=\"size-thumbnail wp-image-8299 alignnone\" src=\"http:\/\/www.schuetzengilde-reutlingen.de\/wp-content\/uploads\/2019\/06\/2015_OSM_Wolfram_Mewes-150x150.jpg\" alt=\"\" width=\"150\" height=\"150\"><\/a>&nbsp;<br \/>\nObersch\u00fctzenmeister: Wolfram E. Mewes (Tel. 07121 \/ 621081). E-Mail: osm[at]schuetzengilde-reutlingen.de<br \/>\n<\/span><\/p>\n<p><span style=\"font-size: 10pt; font-family: arial, helvetica, sans-serif;\">Schatzmeister: Dr. Wolfgang Bleher&nbsp;<\/span><br \/>\n<span style=\"font-size: 10pt; font-family: arial, helvetica, sans-serif;\">Schriftf\u00fchrerin: Monika Heinert<br \/>\n<\/span><span style=\"font-size: 10pt; font-family: arial, helvetica, sans-serif;\">&#8212;&#8212;&#8212;&#8212;&#8212;&#8212;&#8212;&#8212;&#8212;&#8212;&#8212;&#8212;&#8212;&#8212;&#8212;<br \/>\n<strong>Weitere \u00c4mter:<\/strong><\/span><span style=\"font-size: 10pt; font-family: arial, helvetica, sans-serif;\"><a href=\"http:\/\/www.schuetzengilde-reutlingen.de\/wp-content\/uploads\/2015\/04\/2SM_Ohnemueller_web.jpg\" rel=\"lightbox[31]\"><img loading=\"lazy\" decoding=\"async\" class=\"alignnone wp-image-4439 size-thumbnail\" src=\"http:\/\/www.schuetzengilde-reutlingen.de\/wp-content\/uploads\/2015\/04\/2SM_Ohnemueller_web-150x150.jpg\" alt=\"Sch\u00fctzenmeister Pistole Hans-Joachim Ohnem\u00fcller\" width=\"150\" height=\"150\"><\/a>&nbsp;<\/span><br \/>\n<span style=\"font-size: 10pt; font-family: arial, helvetica, sans-serif;\"><strong>Sch\u00fctzenmeister Pistole: Hans-Joachim Ohnem\u00fcller<\/strong><\/span><\/p>\n<p><span style=\"font-size: 10pt; font-family: arial, helvetica, sans-serif;\">Sch\u00fctzenmeister Gewehr: Albert Lorenz&nbsp;&nbsp;<\/span><br \/>\n<span style=\"font-size: 10pt; font-family: arial, helvetica, sans-serif;\">Sch\u00fctzenmeister Anlagen: Konrad Walter \/ Achim Honer&nbsp;<\/span><br \/>\n<span style=\"font-size: 10pt; font-family: arial, helvetica, sans-serif;\">Jugendleiter: Klaus Simschek<\/span><br \/>\n<span style=\"font-size: 10pt; font-family: arial, helvetica, sans-serif;\">Sportleiter: Dr. Eckart Reicherter<\/span><\/p>\n<p><span style=\"font-size: 10pt; font-family: arial, helvetica, sans-serif;\">Eingetragen im Vereinsregister beim Amtsgericht Stuttgart: VR 350117<\/span><\/p>\n<p><span style=\"font-size: 10pt; font-family: arial, helvetica, sans-serif;\"><strong>Bankverbindung:<\/strong><\/span><\/p>\n<p><span style=\"font-size: 10pt; font-family: arial, helvetica, sans-serif;\">Vereinigte Volksbanken eG <\/span><span style=\"font-size: 10pt; font-family: arial, helvetica, sans-serif;\">(ehemals: Volksbank Reutlingen): IBAN: <strong>DE51 6039 0000 0139 6040 06 (Neu, ab 21.11.2020) <\/strong><br \/>\nKreissparkasse Reutlingen: IBAN:&nbsp;DE17 6405 0000 0000 0286 04.&nbsp;BIC: SOLADES1REU<\/span><\/p>\n<p><span style=\"font-size: 10pt; font-family: arial, helvetica, sans-serif;\">E-mail:&nbsp;info[at]schuetzengilde-reutlingen.de<br \/>\nWebmaster: Dr. Eckart Reicherter<\/span><\/p>\n<p><span style=\"font-size: 10pt; font-family: arial, helvetica, sans-serif;\"><!--more--><\/span><\/p>\n<p><span style=\"font-size: 10pt; font-family: arial, helvetica, sans-serif;\"><strong>Haftung f\u00fcr Inhalte<\/strong><\/span><br \/>\n<span style=\"font-size: 10pt; font-family: arial, helvetica, sans-serif;\">Die Inhalte unserer Seiten wurden mit gr\u00f6\u00dfter Sorgfalt erstellt. F\u00fcr die Richtigkeit, Vollst\u00e4ndigkeit und Aktualit\u00e4t der Inhalte k\u00f6nnen wir jedoch keine Gew\u00e4hr \u00fcbernehmen.<\/span><\/p>\n<p><span style=\"font-size: 10pt; font-family: arial, helvetica, sans-serif;\">Als Diensteanbieter sind wir gem\u00e4\u00df \u00a7 5 TMG und \u00a7 55 RStV f\u00fcr eigene Inhalte auf diesen Seiten nach den allgemeinen Gesetzen verantwortlich. Diensteanbieter sind jedoch nicht verpflichtet, die von ihnen \u00fcbermittelten oder gespeicherten fremden Informationen zu \u00fcberwachen oder nach Umst\u00e4nden zu forschen, die auf eine rechtswidrige T\u00e4tigkeit hinweisen. Verpflichtungen zur Entfernung oder Sperrung der Nutzung von Informationen nach den allgemeinen Gesetzen bleiben hiervon unber\u00fchrt. Eine diesbez\u00fcgliche Haftung ist jedoch erst ab dem Zeitpunkt der Kenntnis einer konkreten Rechtsverletzung m\u00f6glich. Bei bekannt werden von entsprechenden Rechtsverletzungen werden wir diese Inhalte umgehend entfernen.<\/span><\/p>\n<p><span style=\"font-size: 10pt; font-family: arial, helvetica, sans-serif;\"><strong>Haftung f\u00fcr Links<\/strong><\/span><br \/>\n<span style=\"font-size: 10pt; font-family: arial, helvetica, sans-serif;\">Unser Angebot enth\u00e4lt Links zu externen Webseiten Dritter, auf deren Inhalte wir keinen Einfluss haben. Deshalb k\u00f6nnen wir f\u00fcr diese fremden Inhalte auch keine Gew\u00e4hr \u00fcbernehmen. F\u00fcr die Inhalte der verlinkten Seiten ist stets der jeweilige Anbieter oder Betreiber der Seiten verantwortlich. Die verlinkten Seiten wurden zum Zeitpunkt der Verlinkung auf m\u00f6gliche Rechtsverst\u00f6\u00dfe \u00fcberpr\u00fcft. Rechtswidrige Inhalte waren zum Zeitpunkt der Verlinkung nicht erkennbar. Eine permanente inhaltliche Kontrolle der verlinkten Seiten ist jedoch ohne konkrete Anhaltspunkte einer Rechtsverletzung nicht zumutbar. Bei bekannt werden von Rechtsverletzungen werden wir derartige Links umgehend entfernen.<\/span><\/p>\n<p><span style=\"font-size: 10pt; font-family: arial, helvetica, sans-serif;\"><strong>Urheberrecht<\/strong><\/span><br \/>\n<span style=\"font-size: 10pt; font-family: arial, helvetica, sans-serif;\">Die durch die Seitenbetreiber erstellten Inhalte und Werke auf diesen Seiten unterliegen dem deutschen Urheberrecht. Beitr\u00e4ge Dritter sind als solche gekennzeichnet. Die Vervielf\u00e4ltigung, Bearbeitung, Verbreitung und jede Art der Verwertung au\u00dferhalb der Grenzen des Urheberrechtes bed\u00fcrfen der schriftlichen Zustimmung des jeweiligen Autors bzw. Erstellers. Downloads und Kopien dieser Seite sind nur f\u00fcr den privaten, nicht kommerziellen Gebrauch gestattet.<\/span><\/p>\n<p><span style=\"font-size: 10pt; font-family: arial, helvetica, sans-serif;\"><strong>Datenschutzerkl\u00e4rung <\/strong><\/span><\/p>\n<p><span style=\"font-size: 10pt; font-family: arial, helvetica, sans-serif;\">Der Schutz Ihrer Privatsph\u00e4re ist uns besonders wichtig. Daher informieren wir Sie an dieser Stelle, welche Daten bei der Nutzung dieser Internetseite zu welchem Zweck erhoben werden:<\/span><\/p>\n<p><span style=\"font-size: 10pt; font-family: arial, helvetica, sans-serif;\"><em>Nutzung und Weitergabe pers\u00f6nlicher Daten und Zweckbindung<\/em><\/span><br \/>\n<span style=\"font-size: 10pt; font-family: arial, helvetica, sans-serif;\">Alle im Rahmen der Sch\u00fctzengilde Reutlingen 1290 e.V. anfallenden personenbezogenen Daten werden entsprechend den jeweils geltenden Vorschriften zum Schutz personenbezogener Daten, nur zum Zwecke der Verwaltung und zur Wahrung berechtigter eigener Interessen im Hinblick auf das Sch\u00fctzenwesen sowie der Betreuung unserer Mitglieder und die bedarfsgerechte sportliche Angebotsgestaltung erhoben, verarbeitet und genutzt. In Verbindung mit Ihrem Zugriff werden Daten gespeichert, die m\u00f6glicherweise eine Identifizierung zulassen (z. B. IP-Adresse, Zeitpunkt des Aufrufs, Dauer des Besuchs auf der Internetseite, Browserkennung). Diese Daten werden nur in technisch notwendigem Umfang und ausschlie\u00dflich zu statistischen Zwecken sowie zur Optimierung des Internetangebotes erhoben. Es werden aber in keinem Fall personenbezogene Nutzerprofile durch uns erstellt. Sofern innerhalb unseres Internetangebotes die M\u00f6glichkeit zur Eingabe personenbezogener Daten besteht, so erfolgt die Preisgabe dieser Daten seitens des Nutzers auf ausdr\u00fccklich freiwilliger Basis. Selbstverst\u00e4ndlich werden Ihre Daten vertraulich behandelt und nicht an Dritte weitergegeben.<\/span><\/p>\n<p><span style=\"font-size: 10pt; font-family: arial, helvetica, sans-serif;\"><i><span style=\"font-weight: 400;\">Cookies<br \/>\n<\/span><\/i><span style=\"font-weight: 400;\">Auf unserer Seite werden tempor\u00e4re Cookies eingesetzt. Diese werden beim Schlie\u00dfen des Browsers automatisch gel\u00f6scht, d. h. die G\u00fcltigkeit der Cookies ist auf die Dauer Ihres Besuches auf unserer Internetseite beschr\u00e4nkt. Eine Verkn\u00fcpfung dieser mit personenbezogenen Daten seitens der Sch\u00fctzengilde Reutlingen 1290 e.V. findet nicht statt. Cookies sind Kennungen, die ein Webserver an Ihren Computer senden kann, um ihn f\u00fcr die Dauer des Besuches zu identifizieren. Sie k\u00f6nnen Ihren Browser so einstellen, dass er Sie \u00fcber die Platzierung von Cookies informiert. So wird der Gebrauch von Cookies f\u00fcr Sie transparent. Sie k\u00f6nnen die Installation der Cookies durch eine entsprechende Einstellung Ihrer Browser Software verhindern; wir weisen Sie jedoch darauf hin, dass Sie in diesem Fall gegebenenfalls nicht s\u00e4mtliche Funktionen dieser Website voll umf\u00e4nglich nutzen k\u00f6nnen.<\/span><\/span><\/p>\n<p><span style=\"font-size: 10pt; font-family: arial, helvetica, sans-serif;\"><em>Sicherheit<\/em><\/span><br \/>\n<span style=\"font-size: 10pt; font-family: arial, helvetica, sans-serif;\">Die Sch\u00fctzengilde Reutlingen 1290 e.V. sch\u00fctzt Ihre Daten durch technische und organisatorische Ma\u00dfnahmen vor unberechtigtem Zugriff, Verlust oder Zerst\u00f6rung.<\/span><br \/>\n<span style=\"font-size: 10pt; font-family: arial, helvetica, sans-serif;\">Unsere Sicherheitsma\u00dfnahmen werden entsprechend der technologischen Entwicklung fortlaufend verbessert.<\/span><\/p>\n<p><span style=\"font-size: 10pt; font-family: arial, helvetica, sans-serif;\"><em>Auskunftsrecht und \u00f6ffentliches Verfahrensverzeichnis<\/em><\/span><br \/>\n<span style=\"font-size: 10pt; font-family: arial, helvetica, sans-serif;\">Auf Anforderung teilen wir Ihnen schriftlich entsprechend dem geltenden Recht mit, ob und welche pers\u00f6nlichen Daten \u00fcber Sie bei uns gespeichert sind. In unserem \u00f6ffentlichen Verfahrensverzeichnis haben wir die Angaben nach \u00a7 4e BDSG zusammengefasst.<\/span><\/p>\n<p><span style=\"font-size: 10pt; font-family: arial, helvetica, sans-serif;\"><em>\u00c4nderungen dieser Datenschutzerkl\u00e4rung<\/em><\/span><br \/>\n<span style=\"font-size: 10pt; font-family: arial, helvetica, sans-serif;\">Aufgrund aktueller Gegebenheiten, wie z. B. einer ver\u00e4nderten Gesetzgebung, werden wir &nbsp;falls n\u00f6tig diese Datenschutzerkl\u00e4rung aktualisieren. G\u00fcltig ist die hier ver\u00f6ffentlichte Version.<\/span><\/p>\n<p><span style=\"font-size: 10pt; font-family: arial, helvetica, sans-serif;\"><em>Kontakt &nbsp;\/ &nbsp;Weitere Informationen<\/em><\/span><br \/>\n<span style=\"font-size: 10pt; font-family: arial, helvetica, sans-serif;\">Ihre Fragen und Anregungen zum Thema Datenschutz sind uns sehr willkommen und wichtig. Bitte richten Sie diese an die im Impressum aufgef\u00fchrten Kontakte.<\/span><\/p>\n","protected":false},"excerpt":{"rendered":"<p>Anschrift: Sch\u00fctzengilde Reutlingen 1290 e.V. Mark 2 72762 Reutlingen Tel: 07121 \/ 21862 Vorstand: &nbsp; Obersch\u00fctzenmeister: Wolfram E. Mewes (Tel. 07121 \/ 621081). E-Mail: osm[at]schuetzengilde-reutlingen.de Schatzmeister: Dr. Wolfgang Bleher&nbsp; Schriftf\u00fchrerin: Monika Heinert &#8212;&#8212;&#8212;&#8212;&#8212;&#8212;&#8212;&#8212;&#8212;&#8212;&#8212;&#8212;&#8212;&#8212;&#8212; Weitere \u00c4mter:&nbsp; Sch\u00fctzenmeister Pistole: Hans-Joachim Ohnem\u00fcller Sch\u00fctzenmeister Gewehr: Albert Lorenz&nbsp;&nbsp; Sch\u00fctzenmeister Anlagen: Konrad Walter \/ Achim Honer&nbsp; Jugendleiter: Klaus Simschek Sportleiter: Dr. &hellip; <\/p>\n<p class=\"link-more\"><a href=\"https:\/\/www.schuetzengilde-reutlingen.de\/?page_id=31\" class=\"more-link\"><span class=\"screen-reader-text\">\u201eImpressum\u201c <\/span>weiterlesen<\/a><\/p>\n","protected":false},"author":1,"featured_media":0,"parent":32,"menu_order":1,"comment_status":"closed","ping_status":"closed","template":"","meta":{"ngg_post_thumbnail":0,"footnotes":""},"class_list":["post-31","page","type-page","status-publish","hentry","entry"],"_links":{"self":[{"href":"https:\/\/www.schuetzengilde-reutlingen.de\/index.php?rest_route=\/wp\/v2\/pages\/31","targetHints":{"allow":["GET"]}}],"collection":[{"href":"https:\/\/www.schuetzengilde-reutlingen.de\/index.php?rest_route=\/wp\/v2\/pages"}],"about":[{"href":"https:\/\/www.schuetzengilde-reutlingen.de\/index.php?rest_route=\/wp\/v2\/types\/page"}],"author":[{"embeddable":true,"href":"https:\/\/www.schuetzengilde-reutlingen.de\/index.php?rest_route=\/wp\/v2\/users\/1"}],"replies":[{"embeddable":true,"href":"https:\/\/www.schuetzengilde-reutlingen.de\/index.php?rest_route=%2Fwp%2Fv2%2Fcomments&post=31"}],"version-history":[{"count":24,"href":"https:\/\/www.schuetzengilde-reutlingen.de\/index.php?rest_route=\/wp\/v2\/pages\/31\/revisions"}],"predecessor-version":[{"id":9005,"href":"https:\/\/www.schuetzengilde-reutlingen.de\/index.php?rest_route=\/wp\/v2\/pages\/31\/revisions\/9005"}],"up":[{"embeddable":true,"href":"https:\/\/www.schuetzengilde-reutlingen.de\/index.php?rest_route=\/wp\/v2\/pages\/32"}],"wp:attachment":[{"href":"https:\/\/www.schuetzengilde-reutlingen.de\/index.php?rest_route=%2Fwp%2Fv2%2Fmedia&parent=31"}],"curies":[{"name":"wp","href":"https:\/\/api.w.org\/{rel}","templated":true}]}}