{"id":27,"date":"2010-08-16T20:29:52","date_gmt":"2010-08-16T20:29:52","guid":{"rendered":"http:\/\/localhost\/wordpress\/?page_id=27"},"modified":"2021-10-24T18:14:31","modified_gmt":"2021-10-24T18:14:31","slug":"links","status":"publish","type":"page","link":"https:\/\/www.schuetzengilde-reutlingen.de\/?page_id=27","title":{"rendered":"Links"},"content":{"rendered":"<p><span style=\"font-size: 10pt; font-family: arial, helvetica, sans-serif;\"><strong>Verbandsebene:<\/strong><\/span><\/p>\n<ul>\n<li><span style=\"font-size: 10pt; font-family: arial, helvetica, sans-serif;\"><a href=\"http:\/\/www.bssb.de\/\" target=\"_blank\" rel=\"noopener noreferrer\">bssb.de<\/a> &#8211; Bayerischer Sportsch\u00fctzenbund e.V.<\/span><\/li>\n<li><span style=\"font-size: 10pt; font-family: arial, helvetica, sans-serif;\"><a href=\"http:\/\/www.dsb.de\/\" target=\"_blank\" rel=\"noopener noreferrer\">DSB.de<\/a> &#8211; Deutscher Sch\u00fctzenverband<\/span><\/li>\n<li><span style=\"font-size: 10pt; font-family: arial, helvetica, sans-serif;\"><a href=\"http:\/\/www.dbs-sportschiessen.de\/\" target=\"_blank\" rel=\"noopener noreferrer\">dbs-sportschiessen.de<\/a> &#8211; Nationalmannschaft im Sportschie\u00dfen des deutschen Behindertensportverbandes<\/span><\/li>\n<li><span style=\"font-size: 10pt; font-family: arial, helvetica, sans-serif;\"><a href=\"http:\/\/www.echaz-neckar.de\/\" target=\"_blank\" rel=\"noopener noreferrer\">echaz-neckar.d<\/a>e &#8211; Infoseite des Sch\u00fctzenkreises Echaz-Neckar<\/span><\/li>\n<li><span style=\"font-size: 10pt; font-family: arial, helvetica, sans-serif;\"><a href=\"http:\/\/www.issf-sports.org\/\" target=\"_blank\" rel=\"noopener noreferrer\">issf-sports.org<\/a> &#8211; Offizielle Homepage der International Shooting Sport Federation<\/span><\/li>\n<li><span style=\"font-size: 10pt; font-family: arial, helvetica, sans-serif;\"><a href=\"http:\/\/www.schuetzenbezirk-neckar.de\/\" target=\"_blank\" rel=\"noopener noreferrer\">schuetzenbezirk-neckar.de<\/a> &#8211; Infoseite des Sch\u00fctzenbezirks Neckar<\/span><\/li>\n<li><span style=\"font-size: 10pt; font-family: arial, helvetica, sans-serif;\"><a href=\"http:\/\/www.wsv1850.de\/\" target=\"_blank\" rel=\"noopener noreferrer\">wsv1850.de<\/a> &#8211; W\u00fcrttembergischer Sch\u00fctzenverband<\/span><\/li>\n<\/ul>\n<p><span style=\"font-size: 10pt; font-family: arial, helvetica, sans-serif;\"><strong>Vereine:<\/strong><\/span><br \/>\n<span style=\"font-size: 10pt; font-family: arial, helvetica, sans-serif;\">(wenn noch mehr bekannt sind, nehmen wir diese hier gerne auf. <a href=\"mailto:info@schuetzengilde-reutlingen.de\">Bitte, Mail an uns<\/a>)<\/span><\/p>\n<ul>\n<li><span style=\"font-size: 10pt; font-family: arial, helvetica, sans-serif;\"><a href=\"http:\/\/www.gelbe-westengilde.de\/\" target=\"_blank\" rel=\"noopener noreferrer\">Die Eckernf\u00f6rder B\u00fcrgersch\u00fctzengilde von 1570 e.V. ( Gelbe Westengilde) <\/a><\/span><\/li>\n<li><span style=\"font-size: 10pt; font-family: arial, helvetica, sans-serif;\"><a href=\"http:\/\/www.gilde-uelzen.de\/\" target=\"_blank\" rel=\"noopener noreferrer\">Die Sch\u00fctzengilde der Stadt Uelzen von 1270 e.V.<\/a><\/span><\/li>\n<li><span style=\"font-size: 10pt; font-family: arial, helvetica, sans-serif;\"><a href=\"http:\/\/www.psguerbetal.ch\" target=\"_blank\" rel=\"noopener noreferrer\">Pistolensch\u00fctzen G\u00fcrbetal aus der Schweiz<\/a><\/span><\/li>\n<li><span style=\"font-size: 10pt; font-family: arial, helvetica, sans-serif;\"><a href=\"http:\/\/www.stadtgarde-reutlingen.de\/\" target=\"_blank\" rel=\"noopener noreferrer\">Historische Reutlinger Stadtgarde <\/a><\/span><\/li>\n<li><span style=\"font-size: 10pt; font-family: arial, helvetica, sans-serif;\"><a href=\"http:\/\/www.feuerbixler.de\/\" target=\"_blank\" rel=\"noopener noreferrer\">Feuerbixler<\/a> \u2013 Alles zu Feuerstutzen und Zimmerstutzen.<\/span><\/li>\n<li><span style=\"font-size: 10pt; font-family: arial, helvetica, sans-serif;\"><a href=\"http:\/\/www.maennerverein-reutlingen.de\/\" target=\"_blank\" rel=\"noopener noreferrer\">M\u00e4nnerverein Reutlingen<\/a><\/span><\/li>\n<li><span style=\"font-size: 10pt; font-family: arial, helvetica, sans-serif;\"><a href=\"http:\/\/www.psv-reutlingen.de\/\" target=\"_blank\" rel=\"noopener noreferrer\">Polizeisportverein Reutlingen<\/a><\/span><\/li>\n<li><span style=\"font-size: 10pt; font-family: arial, helvetica, sans-serif;\"><a href=\"http:\/\/www.schuetzenverein-auingen.de\" target=\"_blank\" rel=\"noopener noreferrer\">Sch\u00fctzenverein Auingen<\/a><\/span><\/li>\n<li><span style=\"font-size: 10pt; font-family: arial, helvetica, sans-serif;\"><a href=\"http:\/\/www.sgi-betzingen.de\/\" target=\"_blank\" rel=\"noopener noreferrer\">Sch\u00fctzengilde Betzingen<\/a><\/span><\/li>\n<li><span style=\"font-size: 10pt; font-family: arial, helvetica, sans-serif;\"><a href=\"http:\/\/www.schuetzenverein-bleichstetten.de\/\" target=\"_blank\" rel=\"noopener noreferrer\">Sch\u00fctzenverein Bleichstetten<\/a><\/span><\/li>\n<li><span style=\"font-size: 10pt; font-family: arial, helvetica, sans-serif;\"><a href=\"http:\/\/www.kksg-g\u00e4chingen.de\/\" target=\"_blank\" rel=\"noopener noreferrer\">KKSG G\u00e4chingen<\/a><\/span><\/li>\n<li><span style=\"font-size: 10pt; font-family: arial, helvetica, sans-serif;\"><a href=\"http:\/\/www.sg-gomaringen.de\/\" target=\"_blank\" rel=\"noopener noreferrer\">Sch\u00fctzengilde Gomaringen<\/a><\/span><\/li>\n<li><span style=\"font-size: 10pt; font-family: arial, helvetica, sans-serif;\"><a href=\"http:\/\/www.svg1878.de\/\" target=\"_blank\" rel=\"noopener noreferrer\">Sch\u00fctzenverein G\u00f6nningen<\/a><\/span><\/li>\n<li><span style=\"font-size: 10pt; font-family: arial, helvetica, sans-serif;\"><a href=\"http:\/\/www.schuetzenverein-grabenstetten.de\" target=\"_blank\" rel=\"noopener noreferrer\">Sch\u00fctzenverein Grabenstetten<\/a><\/span><\/li>\n<li><span style=\"font-size: 10pt; font-family: arial, helvetica, sans-serif;\"><a href=\"http:\/\/www.kksv-ohmenhausen.de\/\" target=\"_blank\" rel=\"noopener noreferrer\">KKSV Ohmenhausen<\/a><\/span><\/li>\n<li><span style=\"font-size: 10pt; font-family: arial, helvetica, sans-serif;\"><a href=\"http:\/\/www.sgi-pfullingen.de\/\" target=\"_blank\" rel=\"noopener noreferrer\">Sch\u00fctzengilde Pfullingen<\/a><\/span><\/li>\n<li><span style=\"font-size: 10pt; font-family: arial, helvetica, sans-serif;\"><a href=\"http:\/\/www.sv-sondelfingen.de\/\" target=\"_blank\" rel=\"noopener noreferrer\">Sch\u00fctzenverein Sondelfingen<\/a><\/span><\/li>\n<li><span style=\"font-size: 10pt; font-family: arial, helvetica, sans-serif;\"><a href=\"http:\/\/www.schuetzengesellschaft-tuebingen.de\/\" target=\"_blank\" rel=\"noopener noreferrer\">Sch\u00fctzengesellschaft T\u00fcbingen<\/a><\/span><\/li>\n<li><span style=\"font-size: 10pt; font-family: arial, helvetica, sans-serif;\"><a href=\"http:\/\/www.schuetzenvereinunterhausen.de\/\" target=\"_blank\" rel=\"noopener noreferrer\">Sch\u00fctzenverein Unterhausen<\/a><\/span><\/li>\n<li><span style=\"font-size: 10pt; font-family: arial, helvetica, sans-serif;\"><a href=\"http:\/\/www.sg-wannweil.de\/\" target=\"_blank\" rel=\"noopener noreferrer\">Sch\u00fctzengilde Wannweil<\/a><\/span><\/li>\n<li><span style=\"font-size: 10pt; font-family: arial, helvetica, sans-serif;\"><a href=\"http:\/\/www.schuetzenverein-willmandingen.de\/\" target=\"_blank\" rel=\"noopener noreferrer\">Sch\u00fctzenverein Willmandingen<\/a><\/span><\/li>\n<\/ul>\n<p><span style=\"font-size: 10pt; font-family: arial, helvetica, sans-serif;\"><strong>Firmen:<\/strong><\/span><\/p>\n<ul>\n<li><span style=\"font-size: 10pt; font-family: arial, helvetica, sans-serif;\"><a href=\"http:\/\/ahg.anschuetz-sport.com\/\" target=\"_blank\" rel=\"noopener noreferrer\">ahg.anschuetz-sport.com<\/a> &#8211; Schie\u00dfsportbekleidung. Matchwaffen-Zubeh\u00f6r. F\u00fcr Sportsch\u00fctzen<\/span><\/li>\n<li><span style=\"font-size: 10pt; font-family: arial, helvetica, sans-serif;\"><a href=\"http:\/\/www.anschuetz-sport.com\/\" target=\"_blank\" rel=\"noopener noreferrer\">Ansch\u00fctz <\/a>&#8211; Sportwaffenhersteller<\/span><\/li>\n<li><span style=\"font-size: 10pt; font-family: arial, helvetica, sans-serif;\"><a href=\"http:\/\/www.centra-visier.de\/\" target=\"_blank\" rel=\"noopener noreferrer\">centra-visier.de<\/a> &#8211; Visiertechnik: Iris, Ringkorn, &#8230;<\/span><\/li>\n<li><span style=\"font-size: 10pt; font-family: arial, helvetica, sans-serif;\"><a href=\"http:\/\/www.champion-brillen.ch\/\" target=\"_blank\" rel=\"noopener noreferrer\">Champion-Brillen<\/a> &#8211; Der Klassiker der Brille aus der Schweiz<\/span><\/li>\n<li><span style=\"font-size: 10pt; font-family: arial, helvetica, sans-serif;\"><a href=\"http:\/\/www.co2air.de\/\" target=\"_blank\" rel=\"noopener noreferrer\">Co2air<\/a> &#8211; Die Seiten f\u00fcr freie Waffen<\/span><\/li>\n<li><span style=\"font-size: 10pt; font-family: arial, helvetica, sans-serif;\"><a href=\"http:\/\/www.disag.de\/\" target=\"_blank\" rel=\"noopener noreferrer\">Disag<\/a> &#8211; Elektronische Scheibenauswertung \/ St\u00e4nde<\/span><\/li>\n<li><span style=\"font-size: 10pt; font-family: arial, helvetica, sans-serif;\"><a href=\"http:\/\/www.waffen-dangel.de\/\" target=\"_blank\" rel=\"noopener noreferrer\">Dangel<\/a> &#8211; B\u00fcchsenmacherei in Ulm<\/span><\/li>\n<li><span style=\"font-size: 10pt; font-family: arial, helvetica, sans-serif;\"><a title=\"Euroshot GmbH\" href=\"http:\/\/www.euroshot.de\/\" target=\"_blank\" rel=\"noopener noreferrer\">Euroshot<\/a> &#8211; Alles f\u00fcr Jagd, Sport, Taktik, Ordonnanz und Sammler in Filderstadt<\/span><\/li>\n<li><span style=\"font-size: 10pt; font-family: arial, helvetica, sans-serif;\"><a href=\"http:\/\/www.feinwerkbau.de\/\" target=\"_blank\" rel=\"noopener noreferrer\">Feinwerkbau<\/a> &#8211; Die Pistolen- und Gewehrschmiede aus Oberndorf<\/span><\/li>\n<li><span style=\"font-size: 10pt; font-family: arial, helvetica, sans-serif;\"><a href=\"http:\/\/www.gehmann.com\/\" target=\"_blank\" rel=\"noopener noreferrer\">gehmann.com<\/a> \u2013 Schie\u00dfsportausr\u00fcstung<\/span><\/li>\n<li><span style=\"font-size: 10pt; font-family: arial, helvetica, sans-serif;\"><a title=\"German Xbow\" href=\"http:\/\/www.german-xbow.de\/\" target=\"_blank\" rel=\"noopener noreferrer\">German-xbow<\/a> &#8211; Die Innovation f\u00fcr die Armbrust. Stefan Dachs.<\/span><\/li>\n<li><span style=\"font-size: 10pt; font-family: arial, helvetica, sans-serif;\"><a href=\"http:\/\/www.getraenke-breig.de\/\" target=\"_blank\" rel=\"noopener noreferrer\">Getr\u00e4nke Breig<\/a> \u2013 Ihr Partner im Heimdienst<\/span><\/li>\n<li><span style=\"font-size: 10pt; font-family: arial, helvetica, sans-serif;\"><a href=\"http:\/\/www.hn-sport.de\/\" target=\"_blank\" rel=\"noopener noreferrer\">Haendler-Natermann<\/a> &#8211; Luftgewehrkugeln, Geschosse<\/span><\/li>\n<li><span style=\"font-size: 10pt; font-family: arial, helvetica, sans-serif;\"><a href=\"http:\/\/www.haemmerli.info\/\" target=\"_blank\" rel=\"noopener noreferrer\">H\u00e4mmerli<\/a> &#8211; Sportwaffen<\/span><\/li>\n<li><span style=\"font-size: 10pt; font-family: arial, helvetica, sans-serif;\"><a href=\"http:\/\/www.haeringtargets.com\/\" target=\"_blank\" rel=\"noopener noreferrer\">H\u00e4ring<\/a> &#8211; Schie\u00dfsport-Anlagenbau GmbH<\/span><\/li>\n<li><span style=\"font-size: 10pt; font-family: arial, helvetica, sans-serif;\"><a href=\"http:\/\/www.hornady.com\/\" target=\"_blank\" rel=\"noopener noreferrer\">Hornady<\/a> &#8211; Geschosse<\/span><\/li>\n<li><span style=\"font-size: 10pt; font-family: arial, helvetica, sans-serif;\"><a href=\"http:\/\/www.kelz.eu\/\" target=\"_blank\" rel=\"noopener noreferrer\">Kelz.eu<\/a> &#8211; Schie\u00dfbekleidung<\/span><\/li>\n<li><span style=\"font-size: 10pt; font-family: arial, helvetica, sans-serif;\"><a href=\"http:\/\/www.keuchen.de\/\" target=\"_blank\" rel=\"noopener noreferrer\">Keuchen.de<\/a> &#8211; Schie\u00dfsportbedarf mit Onlineshop<\/span><\/li>\n<li><span style=\"font-size: 10pt; font-family: arial, helvetica, sans-serif;\"><a href=\"http:\/\/www.klingner-gmbh.de\/\" target=\"_blank\" rel=\"noopener noreferrer\">Klingner<\/a> &#8211; Sch\u00fctzenbedarf<\/span><\/li>\n<li><span style=\"font-size: 10pt; font-family: arial, helvetica, sans-serif;\"><a href=\"http:\/\/www.knobloch-schiessbrillen.de\/\" target=\"_blank\" rel=\"noopener noreferrer\">Knobloch<\/a> &#8211; Knobloch-Schiessbrillen<\/span><\/li>\n<li><span style=\"font-size: 10pt; font-family: arial, helvetica, sans-serif;\"><a href=\"http:\/\/www.kurtthune.com\/\" target=\"_blank\" rel=\"noopener noreferrer\">Kurt Thune<\/a> \u2013 Hersteller f\u00fcr Schie\u00dfbekleidung<\/span><\/li>\n<li><span style=\"font-size: 10pt; font-family: arial, helvetica, sans-serif;\"><a href=\"http:\/\/www.kustermann-shooting.de\/\" target=\"_blank\" rel=\"noopener noreferrer\">Kustermann<\/a> &#8211; Schie\u00dfbekleidung<\/span><\/li>\n<li><span style=\"font-size: 10pt; font-family: arial, helvetica, sans-serif;\"><a href=\"http:\/\/www.mec-shot.de\/\" target=\"_blank\" rel=\"noopener noreferrer\">mec-shot.de<\/a> &#8211; MEC: alles f\u00fcr den Sch\u00fctzen<\/span><\/li>\n<li><span style=\"font-size: 10pt; font-family: arial, helvetica, sans-serif;\"><a href=\"http:\/\/www.mouche.de\/\" target=\"_blank\" rel=\"noopener noreferrer\">Mouche<\/a> &#8211; Schie\u00dfbekleidung<\/span><\/li>\n<li><span style=\"font-size: 10pt; font-family: arial, helvetica, sans-serif;\"><a href=\"http:\/\/www.meyton.de\/\" target=\"_blank\" rel=\"noopener noreferrer\">Meyton<\/a> &#8211; Elektronische Schie\u00dfanlagen<\/span><\/li>\n<li><span style=\"font-size: 10pt; font-family: arial, helvetica, sans-serif;\"><a href=\"http:\/\/www.mueller-manching.de\/\" target=\"_blank\" rel=\"noopener noreferrer\">M\u00fcller Brillen<\/a> &#8211; aus Manching. Sehr viele Infos online!<\/span><\/li>\n<li><span style=\"font-size: 10pt; font-family: arial, helvetica, sans-serif;\"><a href=\"http:\/\/www.nill-griffe.com\/\" target=\"_blank\" rel=\"noopener noreferrer\">Nill Griffe<\/a> &#8211; Ma\u00dfanfertigung von Griffen f\u00fcr Pistolen<\/span><\/li>\n<li><span style=\"font-size: 10pt; font-family: arial, helvetica, sans-serif;\"><a href=\"http:\/\/www.pardini.de\/\" target=\"_blank\" rel=\"noopener noreferrer\">Pardini<\/a> &#8211; Pistolenhersteller<\/span><\/li>\n<li><span style=\"font-size: 10pt; font-family: arial, helvetica, sans-serif;\"><a href=\"http:\/\/www.ohlig-sport.de\/\" target=\"_blank\" rel=\"noopener noreferrer\">Ohlig-sport.de<\/a> &#8211; B\u00fcchsenmacher und Waffenh\u00e4ndler in Bad Cannstatt<\/span><\/li>\n<li><span style=\"font-size: 10pt; font-family: arial, helvetica, sans-serif;\"><a href=\"http:\/\/www.sauer-shootingsportswear.de\/\" target=\"_blank\" rel=\"noopener noreferrer\">sauer-shootingsportswear.de<\/a> &#8211; Sauer Schie\u00dfbekleidung<\/span><\/li>\n<li><span style=\"font-size: 10pt; font-family: arial, helvetica, sans-serif;\"><a href=\"http:\/\/www.sauer-wolf.de\/\" target=\"_blank\" rel=\"noopener noreferrer\">sauer-wolf.de<\/a> &#8211; Iris Sauer-Wolf s.o.l.u.t.i.o.n \u2013 Sch\u00fctzenbedarf<\/span><\/li>\n<li><span style=\"font-size: 10pt; font-family: arial, helvetica, sans-serif;\"><a href=\"http:\/\/www.shootingequipment.de\/\">Shootingequipment <\/a>\u2013 Waffenzubeh\u00f6r \/ H\u00e4ndler<\/span><\/li>\n<li><span style=\"font-size: 10pt; font-family: arial, helvetica, sans-serif;\"><a href=\"http:\/\/www.stopper.de\/\" target=\"_blank\" rel=\"noopener noreferrer\">stopper.de<\/a> &#8211; Sch\u00fctzenbedarf. Stopper in Albstadt-Onstmettingen<\/span><\/li>\n<li><span style=\"font-size: 10pt; font-family: arial, helvetica, sans-serif;\"><a href=\"http:\/\/tec-hro.de\/\">tec-hro <\/a>\u2013 Waffenzubeh\u00f6r<\/span><\/li>\n<li><span style=\"font-size: 10pt; font-family: arial, helvetica, sans-serif;\"><a href=\"http:\/\/www.tresore.net\/\" target=\"_blank\" rel=\"noopener noreferrer\">tresore.net<\/a> &#8211; Ingo Schonert Tresore. F\u00fcr Sch\u00fctzen und J\u00e4ger Rabatt!!<\/span><\/li>\n<li><span style=\"font-size: 10pt; font-family: arial, helvetica, sans-serif;\"><a href=\"http:\/\/www.carl-walther.de\/\" target=\"_blank\" rel=\"noopener noreferrer\">Walther <\/a>&#8211; Carl Walther Sportwaffen<\/span><\/li>\n<li><span style=\"font-size: 10pt; font-family: arial, helvetica, sans-serif;\"><a href=\"http:\/\/www.winzeler.ch\/de\/\" target=\"_blank\" rel=\"noopener noreferrer\">Winzeler<\/a> \u2013 Bruno Winzeler. Armbrusthersteller<\/span><\/li>\n<\/ul>\n<p><span style=\"font-size: 10pt; font-family: arial, helvetica, sans-serif;\"><strong>Pers\u00f6nliche Seiten: <\/strong><\/span><\/p>\n<ul>\n<li><span style=\"font-size: 10pt; font-family: arial, helvetica, sans-serif;\"><a href=\"http:\/\/www.matthias-muth.de\/\" target=\"_blank\" rel=\"noopener noreferrer\">www.matthias-muth.de<\/a> &#8211; Seite eines Mitglieds<\/span><\/li>\n<li><span style=\"font-size: 10pt; font-family: arial, helvetica, sans-serif;\"><a href=\"http:\/\/joachim-vogl.over-blog.com\/\" target=\"_blank\" rel=\"noopener noreferrer\">Blog von Joachim Vogl<\/a> &#8211; Infos des Spitzensch\u00fctzen Joachim Vogl<\/span><\/li>\n<li><span style=\"font-size: 10pt; font-family: arial, helvetica, sans-serif;\"><a href=\"http:\/\/www.volker-helmig.de\/links\/\" target=\"_blank\" rel=\"noopener noreferrer\">volker-helmig.de\/links\/<\/a> &#8211; German Shooting links &#8211; die Linksammlung im Schie\u00dfsport<\/span><\/li>\n<\/ul>\n<p><span style=\"font-size: 10pt; font-family: arial, helvetica, sans-serif;\"><strong>Sonstiges:<\/strong><\/span><\/p>\n<ul>\n<li><span style=\"font-size: 10pt; font-family: arial, helvetica, sans-serif;\"><a href=\"http:\/\/www.reutlingen.de\/\" target=\"_blank\" rel=\"noopener noreferrer\">Reutlingen.de<\/a> &#8211; Besuchen Sie die sch\u00f6ne Stadt unter der Achalm!!!<\/span><\/li>\n<li><span style=\"font-size: 10pt; font-family: arial, helvetica, sans-serif;\"><a href=\"http:\/\/schiesssport.tv\/\" target=\"_blank\" rel=\"noopener noreferrer\">Schie\u00dfsport.TV<\/a> &#8211; Videos und Interviews rund um den Schie\u00dfsport<\/span><\/li>\n<li><span style=\"font-size: 10pt; font-family: arial, helvetica, sans-serif;\"><a href=\"http:\/\/www.fwr.de\/\" target=\"_blank\" rel=\"noopener noreferrer\">fwr.de<\/a> &#8211; Forum Waffenrecht<\/span><\/li>\n<li><span style=\"font-size: 10pt; font-family: arial, helvetica, sans-serif;\"><a href=\"http:\/\/wwww.gea.de\/\" target=\"_blank\" rel=\"noopener noreferrer\">GEA.de<\/a> &#8211; Generalanzeiger, Zeitung<\/span><\/li>\n<li><span style=\"font-size: 10pt; font-family: arial, helvetica, sans-serif;\"><a href=\"http:\/\/www.swp.de\/reutlingen\/\" target=\"_blank\" rel=\"noopener noreferrer\">SWP.de<\/a> &#8211; S\u00fcdwestpresse, Zeitung<\/span><\/li>\n<li><span style=\"font-size: 10pt; font-family: arial, helvetica, sans-serif;\"><a href=\"http:\/\/www.caliber.de\/\" target=\"_blank\" rel=\"noopener noreferrer\">Caliber.de<\/a> &#8211; Fachzeitschrift<\/span><\/li>\n<li><span style=\"font-size: 10pt; font-family: arial, helvetica, sans-serif;\"><a href=\"http:\/\/www.dwj.de\/\" target=\"_blank\" rel=\"noopener noreferrer\">dwj.de<\/a> &#8211; Fachzeitschrift<\/span><\/li>\n<li><span style=\"font-size: 10pt; font-family: arial, helvetica, sans-serif;\"><a href=\"http:\/\/www.visier.de\/\" target=\"_blank\" rel=\"noopener noreferrer\">Visier.de<\/a> &#8211; Fachzeitschrift<\/span><\/li>\n<li><span style=\"font-size: 10pt; font-family: arial, helvetica, sans-serif;\"><a href=\"http:\/\/de.wikipedia.org\/wiki\/Sportschie%DFen\" target=\"_blank\" rel=\"noopener noreferrer\">wikipedia.org\/wiki\/Sportschie\u00dfen<\/a> &#8211; Zusammenstellung \u00fcber Sportschie\u00dfen bei Wikipedia<\/span><\/li>\n<\/ul>\n","protected":false},"excerpt":{"rendered":"<p>Verbandsebene: bssb.de &#8211; Bayerischer Sportsch\u00fctzenbund e.V. DSB.de &#8211; Deutscher Sch\u00fctzenverband dbs-sportschiessen.de &#8211; Nationalmannschaft im Sportschie\u00dfen des deutschen Behindertensportverbandes echaz-neckar.de &#8211; Infoseite des Sch\u00fctzenkreises Echaz-Neckar issf-sports.org &#8211; Offizielle Homepage der International Shooting Sport Federation schuetzenbezirk-neckar.de &#8211; Infoseite des Sch\u00fctzenbezirks Neckar wsv1850.de &#8211; W\u00fcrttembergischer Sch\u00fctzenverband Vereine: (wenn noch mehr bekannt sind, nehmen wir diese hier gerne auf. &hellip; <\/p>\n<p class=\"link-more\"><a href=\"https:\/\/www.schuetzengilde-reutlingen.de\/?page_id=27\" class=\"more-link\"><span class=\"screen-reader-text\">\u201eLinks\u201c <\/span>weiterlesen<\/a><\/p>\n","protected":false},"author":1,"featured_media":0,"parent":32,"menu_order":3,"comment_status":"closed","ping_status":"closed","template":"","meta":{"ngg_post_thumbnail":0,"footnotes":""},"class_list":["post-27","page","type-page","status-publish","hentry","entry"],"_links":{"self":[{"href":"https:\/\/www.schuetzengilde-reutlingen.de\/index.php?rest_route=\/wp\/v2\/pages\/27","targetHints":{"allow":["GET"]}}],"collection":[{"href":"https:\/\/www.schuetzengilde-reutlingen.de\/index.php?rest_route=\/wp\/v2\/pages"}],"about":[{"href":"https:\/\/www.schuetzengilde-reutlingen.de\/index.php?rest_route=\/wp\/v2\/types\/page"}],"author":[{"embeddable":true,"href":"https:\/\/www.schuetzengilde-reutlingen.de\/index.php?rest_route=\/wp\/v2\/users\/1"}],"replies":[{"embeddable":true,"href":"https:\/\/www.schuetzengilde-reutlingen.de\/index.php?rest_route=%2Fwp%2Fv2%2Fcomments&post=27"}],"version-history":[{"count":17,"href":"https:\/\/www.schuetzengilde-reutlingen.de\/index.php?rest_route=\/wp\/v2\/pages\/27\/revisions"}],"predecessor-version":[{"id":8668,"href":"https:\/\/www.schuetzengilde-reutlingen.de\/index.php?rest_route=\/wp\/v2\/pages\/27\/revisions\/8668"}],"up":[{"embeddable":true,"href":"https:\/\/www.schuetzengilde-reutlingen.de\/index.php?rest_route=\/wp\/v2\/pages\/32"}],"wp:attachment":[{"href":"https:\/\/www.schuetzengilde-reutlingen.de\/index.php?rest_route=%2Fwp%2Fv2%2Fmedia&parent=27"}],"curies":[{"name":"wp","href":"https:\/\/api.w.org\/{rel}","templated":true}]}}