{"id":214,"date":"2010-08-24T08:17:01","date_gmt":"2010-08-24T08:17:01","guid":{"rendered":"http:\/\/www.schuetzengilde-reutlingen.de\/?page_id=214"},"modified":"2010-08-26T17:57:59","modified_gmt":"2010-08-26T17:57:59","slug":"museum-statt-training","status":"publish","type":"page","link":"https:\/\/www.schuetzengilde-reutlingen.de\/?page_id=214","title":{"rendered":"Museum statt Training"},"content":{"rendered":"<h2>Die S\u00e4gem\u00fchle Wegst von 1727<\/h2>\n<p><img loading=\"lazy\" decoding=\"async\" class=\"alignnone size-full wp-image-205\" title=\"Wegst01\" src=\"http:\/\/www.schuetzengilde-reutlingen.de\/wp-content\/uploads\/2010\/08\/Wegst01.jpg\" alt=\"\" width=\"558\" height=\"419\" srcset=\"https:\/\/www.schuetzengilde-reutlingen.de\/wp-content\/uploads\/2010\/08\/Wegst01.jpg 558w, https:\/\/www.schuetzengilde-reutlingen.de\/wp-content\/uploads\/2010\/08\/Wegst01-300x225.jpg 300w\" sizes=\"auto, (max-width: 558px) 100vw, 558px\" \/><\/p>\n<p><span style=\"font-size: small;\">Obere Reihe (v.l. nach r.): Marlene und Kurt Wegst, Manuel Palfy, Katrin Rudau<br \/>\n Untere Reihe: Stefanie  M\u00fcckl, Jonathan Schmidt, Lukas Wunderlich, Lisa Lobisch, Dominic Meyer, Florian  Reindl<\/span><\/p>\n<p>Die Jugend der  Sch\u00fctzengilde Reutlingen e.V. 1290 ging f\u00fcr einen  Abend statt ins Training, in  ein Museum. Dieser Besuch wurde von allen  begeistert wahrgenommen. Vor allem, da  die F\u00fchrung durch das Ehepaar  Wegst, ebenfalls l\u00e4ngj\u00e4hrige Mitglieder der Sch\u00fctzengilde, abgehalten   wurde.<\/p>\n<p>Zuerst erz\u00e4hlte Kurt Wegst den Jugendlichen und ihrem Trainer, Albert  Lorenz,  \u00fcber die historischen Hintergr\u00fcnde der S\u00e4gem\u00fchle. Bei der  anschlie\u00dfenden F\u00fchrung  durch S\u00e4geraum, Sch\u00e4rfraum und den  Transmissionen unter der M\u00fchle, wurden Fragen  unerm\u00fcdlich beantwortet.<\/p>\n<p><img loading=\"lazy\" decoding=\"async\" class=\"alignnone size-medium wp-image-206\" title=\"Wegst02\" src=\"http:\/\/www.schuetzengilde-reutlingen.de\/wp-content\/uploads\/2010\/08\/Wegst02-300x224.jpg\" alt=\"\" width=\"300\" height=\"224\" srcset=\"https:\/\/www.schuetzengilde-reutlingen.de\/wp-content\/uploads\/2010\/08\/Wegst02-300x224.jpg 300w, https:\/\/www.schuetzengilde-reutlingen.de\/wp-content\/uploads\/2010\/08\/Wegst02.jpg 606w\" sizes=\"auto, (max-width: 300px) 100vw, 300px\" \/> <img loading=\"lazy\" decoding=\"async\" class=\"alignnone size-full wp-image-207\" title=\"Wegst03\" src=\"http:\/\/www.schuetzengilde-reutlingen.de\/wp-content\/uploads\/2010\/08\/Wegst03.jpg\" alt=\"\" width=\"269\" height=\"202\" \/><\/p>\n<p>Vollgatter moderner  Art\u00a0\u00a0\u00a0\u00a0\u00a0\u00a0\u00a0\u00a0\u00a0\u00a0\u00a0\u00a0\u00a0\u00a0\u00a0\u00a0\u00a0\u00a0\u00a0\u00a0\u00a0\u00a0\u00a0\u00a0\u00a0\u00a0\u00a0\u00a0\u00a0\u00a0\u00a0\u00a0\u00a0\u00a0 Hochgatter mit nur einem  S\u00e4geblatt<\/p>\n<p><br class=\"spacer_\" \/><\/p>\n<p><img loading=\"lazy\" decoding=\"async\" class=\"size-full wp-image-208 alignleft\" title=\"Wegst04\" src=\"http:\/\/www.schuetzengilde-reutlingen.de\/wp-content\/uploads\/2010\/08\/Wegst04.jpg\" alt=\"\" width=\"269\" height=\"202\" \/><\/p>\n<p>Zwei S\u00e4gegatter stehen in  der M\u00fchle. Ein Hochgatter mit nur einem  S\u00e4geblatt und ein Vollgatter moderner  Art. Im Sch\u00e4rfraum gibt es den  manuell zu bedienenden Schr\u00e4nkapparat, sowie zwei  Sch\u00e4rfautomaten f\u00fcr  die S\u00e4gebl\u00e4tter.<\/p>\n<p>Die alte Reutlinger  S\u00e4gem\u00fchle ist die letzte von 21 M\u00fchlen und  Mahlwerken in Reutlingen. Aus diesem  Grund kommt ihr im Rahmen von  Geschichte und Kultur in Reutlingen eine ganz  besondere Bedeutung zu.  Nach dem gro\u00dfen Stadtbrand in Reutlingen, 1726, wurde  die S\u00e4gem\u00fchle am  Echazufer gebaut und 1727 fertig  gestellt. Sie war damals von enormer  Bedeutung f\u00fcr den Wiederaufbau der Stadt.  Der Platz an der Echaz war  g\u00fcnstig, denn gleich  daneben war fr\u00fcher der st\u00e4dtische Zimmerplatz.<\/p>\n<p>In  den 60er Jahren des 18. Jahrhunderts hatte die Firma  Burkhardt+Weber in dem mit Wasserkraft betriebenen Anwesen  ihre ersten  Werkst\u00e4tten. Die Transmissionsriemen in der alten S\u00e4gem\u00fchle stammen   noch von dieser Firma. Viele Originalteile aus der Entstehungszeit der  S\u00e4gem\u00fchle  sind hier ebenfalls noch vorhanden.<\/p>\n<p>Im  Jahre 1912 wurde die S\u00e4gem\u00fchle von Johann Georg Wegst  \u00fcbernommen  und modernisiert. Nach dem Bombenangriff 1945 leistete die S\u00e4gem\u00fchle   erneut einen gro\u00dfen Beitrag zur Wiederherstellung der Stadt.<\/p>\n<p>Walter Wegst \u00fcbernahm nach dem Tod seines Vaters Johann Georg Wegst  die S\u00e4gem\u00fchle. Durch Brandstiftung 1978 wurde die S\u00e4ge  weitgehend  zerst\u00f6rt. Walter Wegst baute sie wieder auf  und betrieb sie bis zur  Gesch\u00e4ftsaufgabe 1984.<\/p>\n<p>Heute sorgt sein Neffe Kurt  Wegst daf\u00fcr, dass an diesem Ort Vergangenheit und  Gegenwart weiterhin aufeinander treffen.<\/p>\n<p><img loading=\"lazy\" decoding=\"async\" class=\"alignnone size-full wp-image-209\" title=\"Wegst05\" src=\"http:\/\/www.schuetzengilde-reutlingen.de\/wp-content\/uploads\/2010\/08\/Wegst05.jpg\" alt=\"\" width=\"269\" height=\"201\" \/> <img loading=\"lazy\" decoding=\"async\" class=\"alignnone size-full wp-image-204\" title=\"Wegst06\" src=\"http:\/\/www.schuetzengilde-reutlingen.de\/wp-content\/uploads\/2010\/08\/Wegst06.jpg\" alt=\"\" width=\"269\" height=\"202\" \/><\/p>\n<p>Transmissionen unter der  S\u00e4gem\u00fchle\u00a0\u00a0\u00a0\u00a0\u00a0\u00a0\u00a0\u00a0\u00a0\u00a0\u00a0\u00a0\u00a0\u00a0\u00a0 \u00a0\u00a0\u00a0 Kammer f\u00fcr S\u00e4gesp\u00e4ne unter der  S\u00e4gem\u00fchle<\/p>\n<p><span style=\"font-size: small;\">Text und Fotos: A. Lorenz,  15.10.2008<\/span><\/p>\n","protected":false},"excerpt":{"rendered":"<p>Die S\u00e4gem\u00fchle Wegst von 1727 Obere Reihe (v.l. nach r.): Marlene und Kurt Wegst, Manuel Palfy, Katrin Rudau Untere Reihe: Stefanie M\u00fcckl, Jonathan Schmidt, Lukas Wunderlich, Lisa Lobisch, Dominic Meyer, Florian Reindl Die Jugend der Sch\u00fctzengilde Reutlingen e.V. 1290 ging f\u00fcr einen Abend statt ins Training, in ein Museum. Dieser Besuch wurde von allen begeistert &hellip; <\/p>\n<p class=\"link-more\"><a href=\"https:\/\/www.schuetzengilde-reutlingen.de\/?page_id=214\" class=\"more-link\"><span class=\"screen-reader-text\">\u201eMuseum statt Training\u201c <\/span>weiterlesen<\/a><\/p>\n","protected":false},"author":1,"featured_media":0,"parent":23,"menu_order":1,"comment_status":"closed","ping_status":"closed","template":"","meta":{"ngg_post_thumbnail":0,"footnotes":""},"class_list":["post-214","page","type-page","status-publish","hentry","entry"],"_links":{"self":[{"href":"https:\/\/www.schuetzengilde-reutlingen.de\/index.php?rest_route=\/wp\/v2\/pages\/214","targetHints":{"allow":["GET"]}}],"collection":[{"href":"https:\/\/www.schuetzengilde-reutlingen.de\/index.php?rest_route=\/wp\/v2\/pages"}],"about":[{"href":"https:\/\/www.schuetzengilde-reutlingen.de\/index.php?rest_route=\/wp\/v2\/types\/page"}],"author":[{"embeddable":true,"href":"https:\/\/www.schuetzengilde-reutlingen.de\/index.php?rest_route=\/wp\/v2\/users\/1"}],"replies":[{"embeddable":true,"href":"https:\/\/www.schuetzengilde-reutlingen.de\/index.php?rest_route=%2Fwp%2Fv2%2Fcomments&post=214"}],"version-history":[{"count":5,"href":"https:\/\/www.schuetzengilde-reutlingen.de\/index.php?rest_route=\/wp\/v2\/pages\/214\/revisions"}],"predecessor-version":[{"id":218,"href":"https:\/\/www.schuetzengilde-reutlingen.de\/index.php?rest_route=\/wp\/v2\/pages\/214\/revisions\/218"}],"up":[{"embeddable":true,"href":"https:\/\/www.schuetzengilde-reutlingen.de\/index.php?rest_route=\/wp\/v2\/pages\/23"}],"wp:attachment":[{"href":"https:\/\/www.schuetzengilde-reutlingen.de\/index.php?rest_route=%2Fwp%2Fv2%2Fmedia&parent=214"}],"curies":[{"name":"wp","href":"https:\/\/api.w.org\/{rel}","templated":true}]}}