{"id":20,"date":"2010-08-16T19:42:46","date_gmt":"2010-08-16T19:42:46","guid":{"rendered":"http:\/\/localhost\/wordpress\/?page_id=20"},"modified":"2019-10-22T09:47:32","modified_gmt":"2019-10-22T09:47:32","slug":"pistolenschiesen","status":"publish","type":"page","link":"https:\/\/www.schuetzengilde-reutlingen.de\/?page_id=20","title":{"rendered":"Pistolenschie\u00dfen"},"content":{"rendered":"<p><span style=\"font-size: 12px; font-family: arial, helvetica, sans-serif;\">(nach www.dsb.de)<\/span><\/p>\n<p><span style=\"font-family: arial, helvetica, sans-serif; font-size: 14px;\">Das Pistolenschie\u00dfen ist eine der schwierigeren Disziplinen beim Sportschie\u00dfen. Wettk\u00e4mpfe auf nationaler und internationaler Ebene werden vor allem mit<\/span><\/p>\n<ul>\n<li><span style=\"font-family: arial, helvetica, sans-serif; font-size: 14px;\">der Luftpistole<\/span><\/li>\n<li><span style=\"font-family: arial, helvetica, sans-serif; font-size: 14px;\">der Sportpistole<\/span><\/li>\n<li><span style=\"font-family: arial, helvetica, sans-serif; font-size: 14px;\">der Freien Pistole und<\/span><\/li>\n<li><span style=\"font-family: arial, helvetica, sans-serif; font-size: 14px;\">der Olympischen Schnellfeuerpistole ausgetragen.<\/span><\/li>\n<\/ul>\n<p><span style=\"font-family: arial, helvetica, sans-serif; font-size: 14px;\"><a href=\"http:\/\/www.schuetzengilde-reutlingen.de\/wp-content\/uploads\/2011\/10\/Pistolenschiessen-DM.jpg\" rel=\"lightbox[20]\"><img loading=\"lazy\" decoding=\"async\" class=\"alignnone size-full wp-image-2032\" title=\"Pistolenschiessen\" src=\"http:\/\/www.schuetzengilde-reutlingen.de\/wp-content\/uploads\/2011\/10\/Pistolenschiessen-DM.jpg\" alt=\"\" width=\"700\" height=\"365\" srcset=\"https:\/\/www.schuetzengilde-reutlingen.de\/wp-content\/uploads\/2011\/10\/Pistolenschiessen-DM.jpg 700w, https:\/\/www.schuetzengilde-reutlingen.de\/wp-content\/uploads\/2011\/10\/Pistolenschiessen-DM-300x156.jpg 300w, https:\/\/www.schuetzengilde-reutlingen.de\/wp-content\/uploads\/2011\/10\/Pistolenschiessen-DM-150x78.jpg 150w, https:\/\/www.schuetzengilde-reutlingen.de\/wp-content\/uploads\/2011\/10\/Pistolenschiessen-DM-400x208.jpg 400w\" sizes=\"auto, (max-width: 700px) 100vw, 700px\" \/><\/a><\/span><\/p>\n<p><span style=\"font-family: arial, helvetica, sans-serif; font-size: 14px;\">Der Anschlag hat mit dem, aus Film und Fernsehen bekannten Schie\u00dfen, fast nichts gemeinsam. Der Sch\u00fctze steht nicht frontal zu Scheibe, sondern etwas seitlich gedreht und h\u00e4lt die Pistole mit ausgestrecktem Arm und mit nur einer Hand. Dies verlangt dem Sch\u00fctzen eine spezielle Kondition ab, um die Waffe m\u00f6glichst ruhig halten zu k\u00f6nnen. Au\u00dferdem muss ein guter Sch\u00fctze \u00fcber eine ausgefeilte Technik verf\u00fcgen, denn um den Abzug auszul\u00f6sen, muss ein Gewicht von mindestens 500 g \u00fcberwunden werden, was es nicht gerade einfach macht, die Pistole ruhig und sauber im Ziel zu halten.<\/span><\/p>\n<p>&nbsp;<\/p>\n<h2><span style=\"text-decoration: underline; font-family: arial, helvetica, sans-serif; font-size: 14px;\">Luftpistole 10m<\/span><\/h2>\n<p><span style=\"font-family: arial, helvetica, sans-serif; font-size: 14px;\"><strong>Waffe:<\/strong> Luft- oder CO2-Pistolen jeder Art Kaliber 4,5 mm. Die \u00e4u\u00dferen Ma\u00dfe d\u00fcrfen 200 mm H\u00f6he, 420 mm L\u00e4nge und 50 mm Breite nicht \u00fcberschreiten. Gewicht maximal 1,5 kg inkl. Laufbeschwerung. Abzugsgewicht mindestens 500 g. Stecher und R\u00fcckstecher sind nicht erlaubt. Mehrlader d\u00fcrfen nur als Einzellader verwendet werden.<\/span><\/p>\n<p><span style=\"font-family: arial, helvetica, sans-serif; font-size: 14px;\"><strong>Munition:<\/strong> Handels\u00fcbliche Geschosse beliebiger Form im Kaliber von maximal 4,5 mm.<strong><br \/>\nScheiben:<\/strong> Durchmesser der 10 = 11,5 mm, der Ringe 1 bis 9 = je 8 mm.<strong><br \/>\nEntfernung:<\/strong> 10 m.<strong><br \/>\nAnschlag:<\/strong> Stehend freih\u00e4ndig.<\/span><br \/>\n<span style=\"font-family: arial, helvetica, sans-serif; font-size: 14px;\"><strong>Programme: <\/strong>20 Schuss in 40 Minuten, 40 Schuss in 75 Minuten, 60 Schuss in 105 Minuten inkl. Probesch\u00fcsse (siehe Regel 2.10 SpO).<\/span><\/p>\n<p><span style=\"font-family: arial, helvetica, sans-serif; font-size: 14px;\"><a href=\"http:\/\/www.schuetzengilde-reutlingen.de\/wp-content\/uploads\/2010\/08\/luftpistole.jpg\" rel=\"lightbox[20]\"><img loading=\"lazy\" decoding=\"async\" class=\"alignnone size-full wp-image-184\" title=\"luftpistole\" src=\"http:\/\/www.schuetzengilde-reutlingen.de\/wp-content\/uploads\/2010\/08\/luftpistole.jpg\" alt=\"\" width=\"320\" height=\"216\" srcset=\"https:\/\/www.schuetzengilde-reutlingen.de\/wp-content\/uploads\/2010\/08\/luftpistole.jpg 320w, https:\/\/www.schuetzengilde-reutlingen.de\/wp-content\/uploads\/2010\/08\/luftpistole-300x202.jpg 300w\" sizes=\"auto, (max-width: 320px) 100vw, 320px\" \/><\/a><\/span><\/p>\n<h2><span style=\"text-decoration: underline; font-family: arial, helvetica, sans-serif; font-size: 14px;\">Mehrsch\u00fcssige Luftpistole 10 m<\/span><\/h2>\n<p><span style=\"font-family: arial, helvetica, sans-serif; font-size: 14px;\"><strong>Waffe:<\/strong> Mehrsch\u00fcssige Luft- und CO2-Pistolen jeder Art Kaliber 4,5 mm. Die \u00e4u\u00dferen Ma\u00dfe d\u00fcrfen 200 mm H\u00f6he, 420 mm L\u00e4nge und 50 mm Breite nicht \u00fcberschreiten. Gewicht maximal 1,5 kg. Abzugsgewicht frei.<\/span><\/p>\n<p><span style=\"font-family: arial, helvetica, sans-serif; font-size: 14px;\"><strong>Munition:<\/strong> Handels\u00fcbliche Geschosse beliebiger Form im Kaliber von maximal 4,5 mm.<\/span><\/p>\n<p><span style=\"font-family: arial, helvetica, sans-serif; font-size: 14px;\"><strong>Scheiben:<\/strong> Es wird auf 5 nebeneinander befindliche Klappscheiben geschossen. Die Scheibenmittelpunkte m\u00fcssen sich auf gleicher H\u00f6he befinden und einen Abstand von 300 mm \u00b1 1 mm haben. Der Rand der Scheibenanlage muss mindestens 85 mm von den Scheibenzentren entfernt sein. Die Scheibenanlage ist rechteckig.<\/span><\/p>\n<p><span style=\"font-family: arial, helvetica, sans-serif; font-size: 14px;\">Die Klappscheibengr\u00f6\u00dfen ergeben sich aus den Durchmessern der Blenden\u00f6ffnungen. Nachwuchsbereich: 59,5 mm, Erwachsenenbereich: 40,0 mm.<\/span><\/p>\n<p><span style=\"font-family: arial, helvetica, sans-serif; font-size: 14px;\"><strong>Entfernung:<\/strong> 10 m.<\/span><\/p>\n<p><span style=\"font-family: arial, helvetica, sans-serif; font-size: 14px;\"><strong>Anschlag: <\/strong>Stehend freih\u00e4ndig.<\/span><\/p>\n<p><span style=\"font-family: arial, helvetica, sans-serif; font-size: 14px;\"><strong>Programm:<\/strong> Ein 30-Schuss-Durchgang besteht aus 6 Serien in je 10 Sekunden. Ein 60-Schuss-Durchgang besteht aus 12 Serien in je 10 Sekunden. Jede Serie besteht aus 5 Sch\u00fcssen auf 5 Klappscheiben.<\/span><\/p>\n<h2><span style=\"text-decoration: underline; font-family: arial, helvetica, sans-serif; font-size: 14px;\">Sportpistole 25 m Kleinkaliber<\/span><\/h2>\n<p><span style=\"font-family: arial, helvetica, sans-serif; font-size: 14px;\"><strong>Waffe:<\/strong> Zugelassen sind Revolver und selbstladende Pistolen, die den Sicherheitsvorschriften entsprechen, im Kaliber 5,6 mm.<\/span><br \/>\n<span style=\"font-family: arial, helvetica, sans-serif; font-size: 14px;\">Maximale Laufl\u00e4nge 153 mm, bei Revolvern mindestens 100 mm. H\u00f6chstgewicht der ungeladenen Waffe mit Magazin und Zubeh\u00f6r 1,4 kg. Abzugswiderstand 1,36 kg \u2013 f\u00fcr den Frauenwettbewerb 1,0 kg.<\/span><\/p>\n<p><span style=\"font-family: arial, helvetica, sans-serif; font-size: 14px;\"><strong>Munition:<\/strong> Handels\u00fcbliche Randfeuerpatronen im Kaliber 5,6 mm (.22lfb).<\/span><\/p>\n<p><span style=\"font-family: arial, helvetica, sans-serif; font-size: 14px;\"><strong>Scheiben:<\/strong> F\u00fcr Pr\u00e4zisionsbedingung Scheibe wie im Wettbewerb Freie Pistole 50 m, f\u00fcr Duell wie im Wettbewerb Olympische Schnellfeuerpistole 25 m.<\/span><\/p>\n<p><span style=\"font-family: arial, helvetica, sans-serif; font-size: 14px;\"><strong>Entfernung:<\/strong> 25 m.<\/span><\/p>\n<p><span style=\"font-family: arial, helvetica, sans-serif; font-size: 14px;\"><strong>Anschlag:<\/strong> Stehend freih\u00e4ndig.<\/span><\/p>\n<p><span style=\"font-family: arial, helvetica, sans-serif; font-size: 14px;\"><strong>Programm:<\/strong> Der Wettbewerb ist unterteilt in die Bedingungen Pr\u00e4zision und Duell. Bei Schie\u00dfen auf die Pr\u00e4zisionsscheibe betr\u00e4gt die Zeitbegrenzung f\u00fcr je 5 Schuss 5 Minuten, beim Schie\u00dfen auf die Duellscheibe f\u00fcr jeden Schuss nur 3 Sekunden. Die Addition der bei Teil 1 (Pr\u00e4zision) und Teil 2 (Duell) erzielten Ringzahlen ergibt das Endresultat. Das Programm besteht im Allgemeinen aus 60 Schuss (je 30 Schuss Pr\u00e4zision und Duell), bei kleineren Wettk\u00e4mpfen oftmals nur aus 30 Schuss (15 + 15) (Regel 2.40 SpO).<\/span><\/p>\n<p><span style=\"font-family: arial, helvetica, sans-serif; font-size: 14px;\"><a href=\"http:\/\/www.schuetzengilde-reutlingen.de\/wp-content\/uploads\/2010\/08\/sportpistole.jpg\" rel=\"lightbox[20]\"><img loading=\"lazy\" decoding=\"async\" class=\"alignnone size-full wp-image-182\" title=\"sportpistole\" src=\"http:\/\/www.schuetzengilde-reutlingen.de\/wp-content\/uploads\/2010\/08\/sportpistole.jpg\" alt=\"\" width=\"320\" height=\"155\" srcset=\"https:\/\/www.schuetzengilde-reutlingen.de\/wp-content\/uploads\/2010\/08\/sportpistole.jpg 320w, https:\/\/www.schuetzengilde-reutlingen.de\/wp-content\/uploads\/2010\/08\/sportpistole-300x145.jpg 300w\" sizes=\"auto, (max-width: 320px) 100vw, 320px\" \/><\/a><\/span><\/p>\n<h2><span style=\"text-decoration: underline; font-family: arial, helvetica, sans-serif; font-size: 14px;\">Schnellfeuerpistole 25 m<\/span><\/h2>\n<p>&nbsp;<\/p>\n<p><span style=\"font-family: arial, helvetica, sans-serif; font-size: 14px;\"><strong>Waffe: <\/strong>Zugelassen sind selbstladende Pistolen, die den Sicherheitsvorschriften entsprechen, mit einem H\u00f6chstgewicht von 1400 g. Die Abmessungen der Waffe m\u00fcssen so sein, dass sie in einen Pr\u00fcfkasten mit den lichten Innenma\u00dfen 300 mm x 150 mm x 50 mm eingelegt werden kann (einschlie\u00dflich des angebrachten Zubeh\u00f6rs).<\/span><\/p>\n<p><span style=\"font-family: arial, helvetica, sans-serif; font-size: 14px;\"><strong>Munition:<\/strong> Handels\u00fcbliche Randfeuerpatronen im Kaliber 5,6 mm (.22 lfb).<\/span><\/p>\n<p><span style=\"font-family: arial, helvetica, sans-serif; font-size: 14px;\"><strong>Scheiben:<\/strong> 5 Scheiben nebeneinander stehend mit einem Abstand von 75 cm zwischen den Scheibenachsen. Die H\u00f6he des Scheibenzentrums betr\u00e4gt \u2013 gemessen vom Boden des Sch\u00fctzenstandes \u2013 140 cm \u00b1 10 cm.<\/span><\/p>\n<p><span style=\"font-family: arial, helvetica, sans-serif; font-size: 14px;\">Die Scheibe ist schwarz und ist in sechs Bewertungszonen unterteilt. Der Durchmesser der 10 = 100 mm, der Ringe 5 bis 9 = je 40 mm. Die Scheibendrehung erfolgt automatisch und ist in der jeweiligen Serie f\u00fcr den Sch\u00fctzen sichtbar.<\/span><\/p>\n<p><span style=\"font-family: arial, helvetica, sans-serif; font-size: 14px;\"><strong>Entfernung:<\/strong> 25 m.<\/span><\/p>\n<p><span style=\"font-family: arial, helvetica, sans-serif; font-size: 14px;\"><strong>Anschlag:<\/strong> Stehend freih\u00e4ndig, einh\u00e4ndig.<\/span><\/p>\n<p><span style=\"font-family: arial, helvetica, sans-serif; font-size: 14px;\"><strong>Programm:<\/strong> Der Wettbewerb besteht aus 60 Schuss, die in zwei Halbprogrammen \u00e0 30 Schuss zu bestreiten sind. Das Halbprogramm gliedert sich in sechs 5-Schuss-Serien, je zwei hiervon innerhalb 8, 6 und 4 Sekunden (Regel 2.30 SpO):<\/span><\/p>\n<h2><span style=\"text-decoration: underline; font-family: arial, helvetica, sans-serif; font-size: 14px;\">Freie Pistole 50 m<\/span><\/h2>\n<p><span style=\"font-family: arial, helvetica, sans-serif; font-size: 14px;\">Waffe: Alle Pistolen und Revolver des Kalibers 5,6 mm (.22 lfb). Mehrlader d\u00fcrfen nur als Einzellader verwendet werden. Der in beliebiger Form nach der Hand des Sch\u00fctzen gearbeitete Griff darf die Hand nur bis zur Handwurzel umschlie\u00dfen. Der Griff darf keinerlei Verl\u00e4ngerungen haben, die \u00fcber das Handgelenk hinausragt und so als St\u00fctze dienen k\u00f6nnte.<\/span><\/p>\n<p><span style=\"font-family: arial, helvetica, sans-serif; font-size: 14px;\"><strong>Munition:<\/strong> Handels\u00fcbliche Randfeuerpatronen im Kaliber 5,6 mm (.22lfb).<\/span><\/p>\n<p><span style=\"font-family: arial, helvetica, sans-serif; font-size: 14px;\"><strong>Scheiben:<\/strong> Breite des Ringes 10 = 50 mm, der Ringe 1-9 = je 25 m.<\/span><\/p>\n<p><span style=\"font-family: arial, helvetica, sans-serif; font-size: 14px;\"><strong>Entfernung<\/strong>: 50 m.<\/span><\/p>\n<p><span style=\"font-family: arial, helvetica, sans-serif; font-size: 14px;\"><strong>Anschlag:<\/strong> Stehend freih\u00e4ndig.<\/span><\/p>\n<p><span style=\"font-family: arial, helvetica, sans-serif; font-size: 14px;\"><strong>Programm:<\/strong> 60 Schuss in 120 Minuten inkl. Probesch\u00fcsse (Regel 2.20 SpO).<\/span><\/p>\n<p><span style=\"font-family: arial, helvetica, sans-serif; font-size: 14px;\"><a href=\"http:\/\/www.schuetzengilde-reutlingen.de\/wp-content\/uploads\/2010\/08\/freiepistole.jpg\" rel=\"lightbox[20]\"><img loading=\"lazy\" decoding=\"async\" class=\"alignnone size-full wp-image-183\" title=\"freiepistole\" src=\"http:\/\/www.schuetzengilde-reutlingen.de\/wp-content\/uploads\/2010\/08\/freiepistole.jpg\" alt=\"\" width=\"350\" height=\"134\" srcset=\"https:\/\/www.schuetzengilde-reutlingen.de\/wp-content\/uploads\/2010\/08\/freiepistole.jpg 350w, https:\/\/www.schuetzengilde-reutlingen.de\/wp-content\/uploads\/2010\/08\/freiepistole-300x114.jpg 300w\" sizes=\"auto, (max-width: 350px) 100vw, 350px\" \/><\/a><\/span><\/p>\n<h2><span style=\"font-family: arial, helvetica, sans-serif; font-size: 14px;\"><strong><span style=\"text-decoration: underline;\">Gebrauchspistole \/ Revolver<\/span><\/strong><\/span><\/h2>\n<p><span style=\"font-family: arial, helvetica, sans-serif; font-size: 14px;\">(9mm Para, .45 ACP, .357 Magnum, .44 Magnum)<\/span><\/p>\n<p><span style=\"font-family: arial, helvetica, sans-serif; font-size: 14px;\"><strong>Waffe: <\/strong>Zugelassen sind Pistolen und Revolver in verschiedenen Wertungsklassen. Abzugsgewicht mindestens 1000 g. Eine M\u00fcndungsbremse ist nicht gestattet. Magazin-\/Trommelkapazit\u00e4t mindestens 5 Patronen.<\/span><\/p>\n<p><span style=\"font-family: arial, helvetica, sans-serif; font-size: 14px;\"><strong>Munition:<\/strong> Handels\u00fcbliche (auch selbstladende) Munition, die den geforderten Mindestimpuls (MIP) erreicht. Die Munition muss waffentypisch sein (d.h. f\u00fcr Pistolen Patronen ohne Rand, f\u00fcr Revolver Patronen mit Rand; sowie f\u00fcr Patronen Kaliber 9 mm Para, .357 Magnum, .44 Magnum, .45 ACP).<\/span><\/p>\n<p><span style=\"font-family: arial, helvetica, sans-serif; font-size: 14px;\"><strong>Scheiben:<\/strong> Scheibenentfernung betr\u00e4gt 25 Meter, Dreh- oder Standscheiben.<\/span><\/p>\n<p><span style=\"font-family: arial, helvetica, sans-serif; font-size: 14px;\"><strong>Anschlag:<\/strong> Stehend freih\u00e4ndig. Die Waffe darf mit 2 H\u00e4nden gehalten werden. Es darf im Voranschlag geschossen werden.<\/span><\/p>\n<p><span style=\"font-family: arial, helvetica, sans-serif; font-size: 14px;\"><strong>Programm:<\/strong> 40 Schuss bestehend aus 2 Durchg\u00e4ngen zu je 20 Schuss, 4 Serien \u00e0 5 Schuss in je 150 Sekunden \u2013 Scheibe wie Freie Pistole 50 m. 4 Serien \u00e0 5 Schuss in je 20 Sekunden \u2013 Scheibe wie Olympische Schnellfeuerpistole 25 m (Regel 2.50 SpO).<\/span><\/p>\n<h2><span style=\"text-decoration: underline; font-family: arial, helvetica, sans-serif; font-size: 14px;\">Standardpistole 25 m<\/span><\/h2>\n<p><span style=\"font-family: arial, helvetica, sans-serif; font-size: 14px;\"><strong>Waffe:<\/strong> Zugelassen sind Revolver und selbstladende Pistolen des Kalibers 5,6 mm (.22 lfb) wie f\u00fcr den Wettbewerb Sportpistole. H\u00f6chstgewicht der Waffe 1,4 kg. Abzugsgewicht 1,0 kg.<\/span><\/p>\n<p><span style=\"font-family: arial, helvetica, sans-serif; font-size: 14px;\"><strong>Munition:<\/strong> Handels\u00fcbliche Randfeuerpatronen im Kaliber 5,6 mm (.22 lfb).<\/span><\/p>\n<p><span style=\"font-family: arial, helvetica, sans-serif; font-size: 14px;\"><strong>Scheiben:<\/strong> Wie im Wettbewerb Freie Pistole 50 m.<\/span><\/p>\n<p><span style=\"font-family: arial, helvetica, sans-serif; font-size: 14px;\"><strong>Entfernung:<\/strong> 25 m.<\/span><\/p>\n<p><span style=\"font-family: arial, helvetica, sans-serif; font-size: 14px;\"><strong>Anschlag:<\/strong> Stehend freih\u00e4ndig.<\/span><\/p>\n<p><span style=\"font-family: arial, helvetica, sans-serif; font-size: 14px;\"><strong>Programm:<\/strong> Der Wettbewerb besteht meist aus 60 Schuss in drei aufeinanderfolgenden<\/span><\/p>\n<p><span style=\"text-decoration: underline; font-family: arial, helvetica, sans-serif; font-size: 14px;\">&nbsp;<\/span><\/p>\n","protected":false},"excerpt":{"rendered":"<p>(nach www.dsb.de) Das Pistolenschie\u00dfen ist eine der schwierigeren Disziplinen beim Sportschie\u00dfen. Wettk\u00e4mpfe auf nationaler und internationaler Ebene werden vor allem mit der Luftpistole der Sportpistole der Freien Pistole und der Olympischen Schnellfeuerpistole ausgetragen. Der Anschlag hat mit dem, aus Film und Fernsehen bekannten Schie\u00dfen, fast nichts gemeinsam. Der Sch\u00fctze steht nicht frontal zu Scheibe, sondern &hellip; <\/p>\n<p class=\"link-more\"><a href=\"https:\/\/www.schuetzengilde-reutlingen.de\/?page_id=20\" class=\"more-link\"><span class=\"screen-reader-text\">\u201ePistolenschie\u00dfen\u201c <\/span>weiterlesen<\/a><\/p>\n","protected":false},"author":1,"featured_media":0,"parent":16,"menu_order":2,"comment_status":"closed","ping_status":"closed","template":"","meta":{"ngg_post_thumbnail":0,"footnotes":""},"class_list":["post-20","page","type-page","status-publish","hentry","entry"],"_links":{"self":[{"href":"https:\/\/www.schuetzengilde-reutlingen.de\/index.php?rest_route=\/wp\/v2\/pages\/20","targetHints":{"allow":["GET"]}}],"collection":[{"href":"https:\/\/www.schuetzengilde-reutlingen.de\/index.php?rest_route=\/wp\/v2\/pages"}],"about":[{"href":"https:\/\/www.schuetzengilde-reutlingen.de\/index.php?rest_route=\/wp\/v2\/types\/page"}],"author":[{"embeddable":true,"href":"https:\/\/www.schuetzengilde-reutlingen.de\/index.php?rest_route=\/wp\/v2\/users\/1"}],"replies":[{"embeddable":true,"href":"https:\/\/www.schuetzengilde-reutlingen.de\/index.php?rest_route=%2Fwp%2Fv2%2Fcomments&post=20"}],"version-history":[{"count":7,"href":"https:\/\/www.schuetzengilde-reutlingen.de\/index.php?rest_route=\/wp\/v2\/pages\/20\/revisions"}],"predecessor-version":[{"id":8482,"href":"https:\/\/www.schuetzengilde-reutlingen.de\/index.php?rest_route=\/wp\/v2\/pages\/20\/revisions\/8482"}],"up":[{"embeddable":true,"href":"https:\/\/www.schuetzengilde-reutlingen.de\/index.php?rest_route=\/wp\/v2\/pages\/16"}],"wp:attachment":[{"href":"https:\/\/www.schuetzengilde-reutlingen.de\/index.php?rest_route=%2Fwp%2Fv2%2Fmedia&parent=20"}],"curies":[{"name":"wp","href":"https:\/\/api.w.org\/{rel}","templated":true}]}}