{"id":18,"date":"2010-08-16T19:42:04","date_gmt":"2010-08-16T19:42:04","guid":{"rendered":"http:\/\/localhost\/wordpress\/?page_id=18"},"modified":"2019-10-22T09:46:44","modified_gmt":"2019-10-22T09:46:44","slug":"gewehrschiesen","status":"publish","type":"page","link":"https:\/\/www.schuetzengilde-reutlingen.de\/?page_id=18","title":{"rendered":"Gewehrschie\u00dfen"},"content":{"rendered":"<p><span style=\"font-size: 14px; font-family: arial, helvetica, sans-serif;\"><a href=\"http:\/\/www.schuetzengilde-reutlingen.de\/wp-content\/uploads\/2011\/10\/LG-Sch\u00fctze-Albert2.jpg\" rel=\"lightbox[18]\"><img loading=\"lazy\" decoding=\"async\" class=\"alignnone size-full wp-image-2038\" title=\"Luftgewehrschiessen Detail\" src=\"http:\/\/www.schuetzengilde-reutlingen.de\/wp-content\/uploads\/2011\/10\/LG-Sch\u00fctze-Albert2.jpg\" alt=\"\" width=\"700\" height=\"394\" srcset=\"https:\/\/www.schuetzengilde-reutlingen.de\/wp-content\/uploads\/2011\/10\/LG-Sch\u00fctze-Albert2.jpg 700w, https:\/\/www.schuetzengilde-reutlingen.de\/wp-content\/uploads\/2011\/10\/LG-Sch\u00fctze-Albert2-300x168.jpg 300w, https:\/\/www.schuetzengilde-reutlingen.de\/wp-content\/uploads\/2011\/10\/LG-Sch\u00fctze-Albert2-150x84.jpg 150w, https:\/\/www.schuetzengilde-reutlingen.de\/wp-content\/uploads\/2011\/10\/LG-Sch\u00fctze-Albert2-400x225.jpg 400w\" sizes=\"auto, (max-width: 700px) 100vw, 700px\" \/><\/a><\/span><\/p>\n<p><span style=\"font-size: 14px; font-family: arial, helvetica, sans-serif;\">Sportliches Gewehrschie\u00dfen kann man in verschiedenen Formen betreiben. Zum einen unterscheiden sich die Waffen nach ihren verschiedenen Kalibern, bzw. der Art, wie sie die Kugel ins Ziel bringen, zum anderen wird in unterschiedlichen Anschlagsarten geschossen.<\/span><\/p>\n<p><span style=\"font-size: 14px; font-family: arial, helvetica, sans-serif;\"><a href=\"http:\/\/www.schuetzengilde-reutlingen.de\/wp-content\/uploads\/2011\/10\/LG-Halle.jpg\" rel=\"lightbox[18]\"><img loading=\"lazy\" decoding=\"async\" class=\"alignnone size-thumbnail wp-image-2034\" title=\"Gewehrschiessen Luftgewehrhalle\" src=\"http:\/\/www.schuetzengilde-reutlingen.de\/wp-content\/uploads\/2011\/10\/LG-Halle-150x150.jpg\" alt=\"\" width=\"150\" height=\"150\"><\/a>&nbsp;&nbsp;<a href=\"http:\/\/www.schuetzengilde-reutlingen.de\/wp-content\/uploads\/2011\/10\/LG-Schuetze-Albert.jpg\" rel=\"lightbox[18]\"><img loading=\"lazy\" decoding=\"async\" class=\"alignnone size-thumbnail wp-image-2035\" title=\"Luftgewehrschiessen\" src=\"http:\/\/www.schuetzengilde-reutlingen.de\/wp-content\/uploads\/2011\/10\/LG-Schuetze-Albert-150x150.jpg\" alt=\"\" width=\"150\" height=\"150\"><\/a><\/span><\/p>\n<p><span style=\"font-size: 14px; font-family: arial, helvetica, sans-serif;\">Die g\u00e4ngigsten Gewehrarten, mit denen im Deutschen Sch\u00fctzenbund Wettk\u00e4mpfe ausgetragen werden, sind:<\/span><\/p>\n<ul>\n<li><span style=\"font-size: 14px; font-family: arial, helvetica, sans-serif;\">Luftgewehr (olympisch)<\/span><\/li>\n<li><span style=\"font-size: 14px; font-family: arial, helvetica, sans-serif;\">Kleinkalibergewehr (olympisch)<\/span><\/li>\n<li><span style=\"font-size: 14px; font-family: arial, helvetica, sans-serif;\">Gro\u00dfkalibergewehr<\/span><\/li>\n<li><span style=\"font-size: 14px; font-family: arial, helvetica, sans-serif;\">Zimmerstutzen<\/span><\/li>\n<li><span style=\"font-size: 14px; font-family: arial, helvetica, sans-serif;\">Vorderlader<\/span><\/li>\n<\/ul>\n<p><span style=\"font-size: 14px; font-family: arial, helvetica, sans-serif;\"><a href=\"http:\/\/www.schuetzengilde-reutlingen.de\/wp-content\/uploads\/2010\/08\/diopter.jpg\" rel=\"lightbox[18]\"><img loading=\"lazy\" decoding=\"async\" class=\"alignleft size-thumbnail wp-image-516\" title=\"diopter\" src=\"http:\/\/www.schuetzengilde-reutlingen.de\/wp-content\/uploads\/2010\/08\/diopter-150x150.jpg\" alt=\"\" width=\"150\" height=\"150\"><\/a>Gezielt wird bei allen Gewehrarten mit Hilfe eines Diopters und eines Ringkornes.<\/span><\/p>\n<p><span style=\"font-size: 14px; font-family: arial, helvetica, sans-serif;\">Sobald sich &#8222;das Schwarze&#8220; in der Mitte des Ringkornes befindet, kann der Schuss gel\u00f6st werden, und man schie\u00dft eine Zehn.<\/span><\/p>\n<p><span style=\"font-size: 14px; font-family: arial, helvetica, sans-serif;\">Der Reiz an dieser Sportart ist, dass es eben nicht so einfach ist, wie es sich anh\u00f6rt. Vielmehr erfordert es ein hohes Ma\u00df an Konzentration und K\u00f6rperbeherrschung. Immerhin gilt es, um eine Zehn (die h\u00f6chstm\u00f6gliche Ringzahl) zu erreichen, auf die Entfernung von 10 Metern einen 0,5 mm (!) kleinen Punkt zu treffen. Auf die Distanz von 50 Metern ist die Zehn mit 10,4 mm Durchmesser auch verh\u00e4ltnism\u00e4\u00dfig klein. Also braucht man neben einer ruhigen Hand und innerer Ruhe, auch eine gute allgemeine Kondition, um seinen K\u00f6rper unter Kontrolle halten zu k\u00f6nnen.<\/span><\/p>\n<p><span style=\"font-size: 14px; font-family: arial, helvetica, sans-serif;\">Damit der eigene K\u00f6rper m\u00f6glichst ruhig steht, tragen Gewehrsch\u00fctzen f\u00fcr Au\u00dfenstehende recht seltsam anmutende Schie\u00dfkleidung. Jacken und Hosen aus festem Material und Schuhe mit extrastarker Sohle verleihen dem Gewehrsch\u00fctzen den typischen &#8222;Entengang&#8220; wenn sie sich zum Schie\u00dfstand bewegen.<\/span><\/p>\n","protected":false},"excerpt":{"rendered":"<p>Sportliches Gewehrschie\u00dfen kann man in verschiedenen Formen betreiben. Zum einen unterscheiden sich die Waffen nach ihren verschiedenen Kalibern, bzw. der Art, wie sie die Kugel ins Ziel bringen, zum anderen wird in unterschiedlichen Anschlagsarten geschossen. &nbsp;&nbsp; Die g\u00e4ngigsten Gewehrarten, mit denen im Deutschen Sch\u00fctzenbund Wettk\u00e4mpfe ausgetragen werden, sind: Luftgewehr (olympisch) Kleinkalibergewehr (olympisch) Gro\u00dfkalibergewehr Zimmerstutzen Vorderlader &hellip; <\/p>\n<p class=\"link-more\"><a href=\"https:\/\/www.schuetzengilde-reutlingen.de\/?page_id=18\" class=\"more-link\"><span class=\"screen-reader-text\">\u201eGewehrschie\u00dfen\u201c <\/span>weiterlesen<\/a><\/p>\n","protected":false},"author":1,"featured_media":0,"parent":16,"menu_order":1,"comment_status":"closed","ping_status":"closed","template":"","meta":{"ngg_post_thumbnail":0,"footnotes":""},"class_list":["post-18","page","type-page","status-publish","hentry","entry"],"_links":{"self":[{"href":"https:\/\/www.schuetzengilde-reutlingen.de\/index.php?rest_route=\/wp\/v2\/pages\/18","targetHints":{"allow":["GET"]}}],"collection":[{"href":"https:\/\/www.schuetzengilde-reutlingen.de\/index.php?rest_route=\/wp\/v2\/pages"}],"about":[{"href":"https:\/\/www.schuetzengilde-reutlingen.de\/index.php?rest_route=\/wp\/v2\/types\/page"}],"author":[{"embeddable":true,"href":"https:\/\/www.schuetzengilde-reutlingen.de\/index.php?rest_route=\/wp\/v2\/users\/1"}],"replies":[{"embeddable":true,"href":"https:\/\/www.schuetzengilde-reutlingen.de\/index.php?rest_route=%2Fwp%2Fv2%2Fcomments&post=18"}],"version-history":[{"count":7,"href":"https:\/\/www.schuetzengilde-reutlingen.de\/index.php?rest_route=\/wp\/v2\/pages\/18\/revisions"}],"predecessor-version":[{"id":8480,"href":"https:\/\/www.schuetzengilde-reutlingen.de\/index.php?rest_route=\/wp\/v2\/pages\/18\/revisions\/8480"}],"up":[{"embeddable":true,"href":"https:\/\/www.schuetzengilde-reutlingen.de\/index.php?rest_route=\/wp\/v2\/pages\/16"}],"wp:attachment":[{"href":"https:\/\/www.schuetzengilde-reutlingen.de\/index.php?rest_route=%2Fwp%2Fv2%2Fmedia&parent=18"}],"curies":[{"name":"wp","href":"https:\/\/api.w.org\/{rel}","templated":true}]}}