{"id":16,"date":"2010-08-16T19:41:18","date_gmt":"2010-08-16T19:41:18","guid":{"rendered":"http:\/\/localhost\/wordpress\/?page_id=16"},"modified":"2021-10-24T18:07:15","modified_gmt":"2021-10-24T18:07:15","slug":"sport","status":"publish","type":"page","link":"https:\/\/www.schuetzengilde-reutlingen.de\/?page_id=16","title":{"rendered":"Sport"},"content":{"rendered":"<p>Schie\u00dfm\u00f6glichkeiten im Sch\u00fctzenhaus:<\/p>\n<ul>\n<li>Luftgewehrhalle mit 6 St\u00e4nden<\/li>\n<li>13 Luftgewehrst\u00e4nde im Freien<\/li>\n<li>2 * Armbrustst\u00e4nde&nbsp;<\/li>\n<li>7 * 50m St\u00e4nde. Davon 6 elektronische Schusserfassung<\/li>\n<li>3 * 100 m St\u00e4nde<\/li>\n<li>3 * Zimmerstutzenst\u00e4nde<\/li>\n<li>Pistolenanlage (mit 2 * 5 St\u00e4nden)<\/li>\n<\/ul>\n<p>Beschreibung einzelner Disziplinen:<\/p>\n<ul>\n<li><a title=\"Gewehrschie\u00dfen\" href=\"http:\/\/www.schuetzengilde-reutlingen.de\/?page_id=18\">Gewehrschie\u00dfen<\/a><\/li>\n<li><a title=\"Pistolenschie\u00dfen\" href=\"http:\/\/www.schuetzengilde-reutlingen.de\/?page_id=20\">Pistolenschie\u00dfen<\/a><\/li>\n<li><a title=\"Behindertenschie\u00dfen\" href=\"http:\/\/www.schuetzengilde-reutlingen.de\/?page_id=53\">Schie\u00dfen im Rollstuhl<\/a><\/li>\n<li><a title=\"Armbrustschie\u00dfen\" href=\"http:\/\/www.schuetzengilde-reutlingen.de\/?page_id=51\">Armbrustschie\u00dfen<\/a><\/li>\n<\/ul>\n","protected":false},"excerpt":{"rendered":"<p>Schie\u00dfm\u00f6glichkeiten im Sch\u00fctzenhaus: Luftgewehrhalle mit 6 St\u00e4nden 13 Luftgewehrst\u00e4nde im Freien 2 * Armbrustst\u00e4nde&nbsp; 7 * 50m St\u00e4nde. Davon 6 elektronische Schusserfassung 3 * 100 m St\u00e4nde 3 * Zimmerstutzenst\u00e4nde Pistolenanlage (mit 2 * 5 St\u00e4nden) Beschreibung einzelner Disziplinen: Gewehrschie\u00dfen Pistolenschie\u00dfen Schie\u00dfen im Rollstuhl Armbrustschie\u00dfen<\/p>\n","protected":false},"author":1,"featured_media":0,"parent":0,"menu_order":6,"comment_status":"closed","ping_status":"closed","template":"","meta":{"ngg_post_thumbnail":0,"footnotes":""},"class_list":["post-16","page","type-page","status-publish","hentry","entry"],"_links":{"self":[{"href":"https:\/\/www.schuetzengilde-reutlingen.de\/index.php?rest_route=\/wp\/v2\/pages\/16","targetHints":{"allow":["GET"]}}],"collection":[{"href":"https:\/\/www.schuetzengilde-reutlingen.de\/index.php?rest_route=\/wp\/v2\/pages"}],"about":[{"href":"https:\/\/www.schuetzengilde-reutlingen.de\/index.php?rest_route=\/wp\/v2\/types\/page"}],"author":[{"embeddable":true,"href":"https:\/\/www.schuetzengilde-reutlingen.de\/index.php?rest_route=\/wp\/v2\/users\/1"}],"replies":[{"embeddable":true,"href":"https:\/\/www.schuetzengilde-reutlingen.de\/index.php?rest_route=%2Fwp%2Fv2%2Fcomments&post=16"}],"version-history":[{"count":7,"href":"https:\/\/www.schuetzengilde-reutlingen.de\/index.php?rest_route=\/wp\/v2\/pages\/16\/revisions"}],"predecessor-version":[{"id":9108,"href":"https:\/\/www.schuetzengilde-reutlingen.de\/index.php?rest_route=\/wp\/v2\/pages\/16\/revisions\/9108"}],"wp:attachment":[{"href":"https:\/\/www.schuetzengilde-reutlingen.de\/index.php?rest_route=%2Fwp%2Fv2%2Fmedia&parent=16"}],"curies":[{"name":"wp","href":"https:\/\/api.w.org\/{rel}","templated":true}]}}