{"id":14,"date":"2010-08-16T19:41:02","date_gmt":"2010-08-16T19:41:02","guid":{"rendered":"http:\/\/localhost\/wordpress\/?page_id=14"},"modified":"2019-10-16T07:55:06","modified_gmt":"2019-10-16T07:55:06","slug":"verein","status":"publish","type":"page","link":"https:\/\/www.schuetzengilde-reutlingen.de\/?page_id=14","title":{"rendered":"Verein"},"content":{"rendered":"<p><span style=\"font-size: 10pt; font-family: arial, helvetica, sans-serif;\">Obersch\u00fctzenmeister (aktuell und in den letzten Jahren):<\/span><\/p>\n<p><span style=\"font-size: 10pt; font-family: arial, helvetica, sans-serif;\"><a href=\"http:\/\/www.schuetzengilde-reutlingen.de\/wp-content\/uploads\/2015\/04\/2015_OSM_Wolfram-E.-Mewes.jpg\" rel=\"lightbox[14]\"><img loading=\"lazy\" decoding=\"async\" class=\" size-thumbnail wp-image-4444 alignnone\" src=\"http:\/\/www.schuetzengilde-reutlingen.de\/wp-content\/uploads\/2015\/04\/2015_OSM_Wolfram-E.-Mewes-150x150.jpg\" alt=\"Obersch\u00fctzenmeister Wolfram E. Mewes\" width=\"150\" height=\"150\"><\/a>&nbsp;<a href=\"http:\/\/www.schuetzengilde-reutlingen.de\/wp-content\/uploads\/2011\/07\/Verleihung_EOSM_Dr.Bart-1.jpg\" rel=\"lightbox[14]\"><img loading=\"lazy\" decoding=\"async\" class=\"alignnone size-thumbnail wp-image-1745\" title=\"Verleihung Ehrenobersch\u00fctzenmeister an Dr. Harald Barth\" src=\"http:\/\/www.schuetzengilde-reutlingen.de\/wp-content\/uploads\/2011\/07\/Verleihung_EOSM_Dr.Bart-1-150x150.jpg\" alt=\"\" width=\"150\" height=\"150\"><\/a><a href=\"http:\/\/www.schuetzengilde-reutlingen.de\/wp-content\/uploads\/2010\/08\/honer-barth.jpg\" rel=\"lightbox[14]\">&nbsp;<img loading=\"lazy\" decoding=\"async\" class=\"size-thumbnail wp-image-97 alignnone\" title=\"OSM Barth mit EOSM Honer\" src=\"http:\/\/www.schuetzengilde-reutlingen.de\/wp-content\/uploads\/2010\/08\/honer-barth-150x150.jpg\" alt=\"\" width=\"150\" height=\"150\"><\/a><\/span><\/p>\n<p><span style=\"font-size: 10pt; font-family: arial, helvetica, sans-serif;\">Bild links: Aktueller Obersch\u00fctzenmeister Wolfram E. Mewes.<\/span><br \/>\n<span style=\"font-size: 10pt; font-family: arial, helvetica, sans-serif;\">Bild mitte: Ehrenobersch\u00fctzenmeister Dr. Harald Barth mit ehemaligem Obersch\u00fctzenmeister Erwin Grotz<\/span><br \/>\n<span style=\"font-size: 10pt; font-family: arial, helvetica, sans-serif;\">Bild rechts: EOSM Achim Honer mit EOSM Dr. Harald Barth<\/span><\/p>\n<ul>\n<li><span style=\"font-family: arial, helvetica, sans-serif; font-size: 10pt;\"><a title=\"Gruppenbild\" href=\"http:\/\/www.schuetzengilde-reutlingen.de\/?page_id=315\">Gruppenbild aus dem Jahr 2009<\/a><\/span><\/li>\n<li><span style=\"color: #000000; font-family: arial, helvetica, sans-serif; font-size: 10pt;\"><a title=\"Unser Sch\u00fctzenhaus\" href=\"http:\/\/www.schuetzengilde-reutlingen.de\/?page_id=103\">Unser Sch\u00fctzenhaus<\/a><\/span><\/li>\n<li><span style=\"color: #000000; font-family: arial, helvetica, sans-serif; font-size: 10pt;\"><a title=\"Geschichte\" href=\"http:\/\/www.schuetzengilde-reutlingen.de\/?page_id=375\">Zur Geschichte der Sch\u00fctzengilde Reutlingen<\/a><\/span><\/li>\n<\/ul>\n<p><span style=\"font-size: 10pt; font-family: arial, helvetica, sans-serif;\">Formulare\/ Unterlagen zum Download:<\/span><\/p>\n<ul>\n<li><span style=\"color: #000000; font-size: 10pt; font-family: arial, helvetica, sans-serif;\"><span style=\"color: #ff0000;\">Satzung:&nbsp;<\/span><span style=\"text-decoration: underline;\"><a href=\"http:\/\/www.schuetzengilde-reutlingen.de\/wp-content\/uploads\/2011\/01\/GO_Jan_2011.pdf\" target=\"_blank\" rel=\"noopener noreferrer\"><a  data-e-Disable-Page-Transition=\"true\" class=\"download-link\" title=\"\" href=\"https:\/\/www.schuetzengilde-reutlingen.de?download=7370&amp;tmstv=1778323055\" rel=\"nofollow\" id=\"download-link-7370\" data-redirect=\"false\" >\n\tSatzung der Sch\u00fctzengilde Reutlingen (PDF; 1 MB)\t(4560 Downloads\t)\n<\/a>\n<\/a><\/span><\/span><\/li>\n<li><span style=\"font-size: 10pt; font-family: arial, helvetica, sans-serif;\"><span style=\"color: #ff0000;\">Gesch\u00e4ftsordnung:&nbsp;<\/span><span style=\"text-decoration: underline;\"><a  data-e-Disable-Page-Transition=\"true\" class=\"download-link\" title=\"\" href=\"https:\/\/www.schuetzengilde-reutlingen.de?download=7372&amp;tmstv=1778323055\" rel=\"nofollow\" id=\"download-link-7372\" data-redirect=\"false\" >\n\tGesch\u00e4ftsordnung Stand M\u00e4rz 2020 (PDF)\t(8226 Downloads\t)\n<\/a>\n<\/span><\/span><\/li>\n<li><span style=\"font-size: 10pt; font-family: arial, helvetica, sans-serif;\"><span style=\"color: #ff0000;\">Antrag f\u00fcr Aufnahme: <a  data-e-Disable-Page-Transition=\"true\" class=\"download-link\" title=\"\" href=\"https:\/\/www.schuetzengilde-reutlingen.de?download=7366&amp;tmstv=1778323055\" rel=\"nofollow\" id=\"download-link-7366\" data-redirect=\"false\" >\n\tAufnahmeantrag als Formular (2020), PDF\t(4928 Downloads\t)\n<\/a>\n<\/span><br \/>\n<\/span><\/li>\n<li><span style=\"font-size: 10pt;\"><span style=\"text-decoration: underline; font-family: arial, helvetica, sans-serif;\"><a  data-e-Disable-Page-Transition=\"true\" class=\"download-link\" title=\"\" href=\"https:\/\/www.schuetzengilde-reutlingen.de?download=7368&amp;tmstv=1778323055\" rel=\"nofollow\" id=\"download-link-7368\" data-redirect=\"false\" >\n\tEinverst\u00e4ndniserkl\u00e4rung der Eltern als Formular, PDF\t(5088 Downloads\t)\n<\/a>\n<\/span><br \/>\n<\/span><\/li>\n<\/ul>\n","protected":false},"excerpt":{"rendered":"<p>Obersch\u00fctzenmeister (aktuell und in den letzten Jahren): &nbsp;&nbsp; Bild links: Aktueller Obersch\u00fctzenmeister Wolfram E. Mewes. Bild mitte: Ehrenobersch\u00fctzenmeister Dr. Harald Barth mit ehemaligem Obersch\u00fctzenmeister Erwin Grotz Bild rechts: EOSM Achim Honer mit EOSM Dr. Harald Barth Gruppenbild aus dem Jahr 2009 Unser Sch\u00fctzenhaus Zur Geschichte der Sch\u00fctzengilde Reutlingen Formulare\/ Unterlagen zum Download: Satzung:&nbsp; Gesch\u00e4ftsordnung:&nbsp; Antrag &hellip; <\/p>\n<p class=\"link-more\"><a href=\"https:\/\/www.schuetzengilde-reutlingen.de\/?page_id=14\" class=\"more-link\"><span class=\"screen-reader-text\">\u201eVerein\u201c <\/span>weiterlesen<\/a><\/p>\n","protected":false},"author":1,"featured_media":0,"parent":0,"menu_order":4,"comment_status":"closed","ping_status":"closed","template":"","meta":{"ngg_post_thumbnail":0,"footnotes":""},"class_list":["post-14","page","type-page","status-publish","hentry","entry"],"_links":{"self":[{"href":"https:\/\/www.schuetzengilde-reutlingen.de\/index.php?rest_route=\/wp\/v2\/pages\/14","targetHints":{"allow":["GET"]}}],"collection":[{"href":"https:\/\/www.schuetzengilde-reutlingen.de\/index.php?rest_route=\/wp\/v2\/pages"}],"about":[{"href":"https:\/\/www.schuetzengilde-reutlingen.de\/index.php?rest_route=\/wp\/v2\/types\/page"}],"author":[{"embeddable":true,"href":"https:\/\/www.schuetzengilde-reutlingen.de\/index.php?rest_route=\/wp\/v2\/users\/1"}],"replies":[{"embeddable":true,"href":"https:\/\/www.schuetzengilde-reutlingen.de\/index.php?rest_route=%2Fwp%2Fv2%2Fcomments&post=14"}],"version-history":[{"count":14,"href":"https:\/\/www.schuetzengilde-reutlingen.de\/index.php?rest_route=\/wp\/v2\/pages\/14\/revisions"}],"predecessor-version":[{"id":8460,"href":"https:\/\/www.schuetzengilde-reutlingen.de\/index.php?rest_route=\/wp\/v2\/pages\/14\/revisions\/8460"}],"wp:attachment":[{"href":"https:\/\/www.schuetzengilde-reutlingen.de\/index.php?rest_route=%2Fwp%2Fv2%2Fmedia&parent=14"}],"curies":[{"name":"wp","href":"https:\/\/api.w.org\/{rel}","templated":true}]}}